{"id":13,"date":"2022-08-12T11:11:40","date_gmt":"2022-08-12T09:11:40","guid":{"rendered":"https:\/\/italia.wordcamp.org\/2022\/?page_id=13"},"modified":"2022-11-13T07:51:25","modified_gmt":"2022-11-13T06:51:25","slug":"tickets","status":"publish","type":"page","link":"https:\/\/italia.wordcamp.org\/2022\/tickets\/","title":{"rendered":"Tickets"},"content":{"rendered":"\n<p>I biglietti per il <strong>primo WordCamp Italia in presenza che si terr\u00e0 a Milano i giorni 11 e 12 novembre 2022<\/strong> sono in vendita. <a href=\"#tix\" data-type=\"internal\" data-id=\"#tix\">Prenota subito il tuo posto<\/a>!<\/p>\n\n\n\n<p>L&#8217;acquisto del biglietto ti dar\u00e0 diritto a:<\/p>\n\n\n\n<ul class=\"wp-block-list\">\n<li>accesso alla Conferenza di sabato 12 novembre<\/li>\n\n\n\n<li>accesso al <a href=\"https:\/\/italia.wordcamp.org\/2022\/che-cose-il-contributor-day\/\" data-type=\"post\" data-id=\"1613\">Contributor Day<\/a> di venerd\u00ec 11 novembre<\/li>\n\n\n\n<li>pranzo e coffee-break in entrambe le giornate<\/li>\n\n\n\n<li>opportunit\u00e0 di fare networking con gli altri partecipanti, incontrare gli Sponsor e i relatori dei talk<\/li>\n\n\n\n<li>ricevere la t-shirt dell\u2019evento e i gadget degli Sponsor<\/li>\n\n\n\n<li>partecipare alla fantastica festa dell\u2019After Party nella serata di sabato<\/li>\n<\/ul>\n\n\n\n<p class=\"has-background\" id=\"lista-di-attesa\" style=\"background-color:#d8e0ee\"><strong>Purtroppo i posti disponibili per il Contributor Day di venerd\u00ec 11 novembre 2022 sono terminati.<\/strong><br><br>Tuttavia, poich\u00e9 talvolta alcune persone rinunciano a partecipare, ti consigliamo di <a href=\"https:\/\/italia.wordcamp.org\/2022\/lista-di-attesa-per-il-contributor-day\/\" data-type=\"page\" data-id=\"3080\">iscriverti alla lista di attesa per partecipare al Contributor Day<\/a>: dal 24 ottobre 2022 potresti essere ricontattato se si dovessero liberare posti.<br>Ti ricordiamo che la partecipazione al Contributor Day \u00e8 gratuita ma <strong>\u00e8 riservata esclusivamente a chi acquista (o ha acquistato) anche il biglietto per la Conferenza<\/strong>.<\/p>\n\n\n\n<p>Dopo l\u2019acquisto del biglietto, <strong>riceverai una mail di conferma del pagamento.  Non hai bisogno di un biglietto per entrare<\/strong>, \u00e8 sufficiente che ti presenti alla registrazione nei giorni dell\u2019evento e riceverai il badge.<br>Per noi \u00e8 importante organizzare un evento con un ambiente amichevole, sicuro ed accogliente, accessibile, rispettoso di tutti e protetto. Per questo adottiamo un <a href=\"https:\/\/italia.wordcamp.org\/2022\/code-of-conduct\/\" data-type=\"page\" data-id=\"21\">Codice di condotta<\/a>. Per cortesia, <a href=\"https:\/\/italia.wordcamp.org\/2022\/code-of-conduct\/\" data-type=\"page\" data-id=\"21\">leggilo<\/a> prima di comprare il biglietto, perch\u00e9 chiederemo a tutti i partecipanti di rispettarlo!<\/p>\n\n\n<a href=\"https:\/\/italia.wordcamp.org\/2022\/tickets\/\">Please view this page in a browser to purchase or manage tickets.<\/a>\n","protected":false},"excerpt":{"rendered":"<p>I biglietti per il primo WordCamp Italia in presenza che si terr\u00e0 a Milano i giorni 11 e 12 novembre 2022 sono in vendita. Prenota subito il tuo posto! L&#8217;acquisto del biglietto ti dar\u00e0 diritto a: Purtroppo i posti disponibili per il Contributor Day di venerd\u00ec 11 novembre 2022 sono terminati. Tuttavia, poich\u00e9 talvolta alcune &hellip; <a href=\"https:\/\/italia.wordcamp.org\/2022\/tickets\/\" class=\"more-link\">Continua a leggere<span class=\"screen-reader-text\"> &#8220;Tickets&#8221;<\/span><\/a><\/p>\n","protected":false},"author":14535036,"featured_media":0,"parent":0,"menu_order":0,"comment_status":"closed","ping_status":"closed","template":"","meta":{"jetpack_post_was_ever_published":false,"footnotes":""},"class_list":["post-13","page","type-page","status-publish","hentry"],"jetpack_sharing_enabled":true,"_links":{"self":[{"href":"https:\/\/italia.wordcamp.org\/2022\/wp-json\/wp\/v2\/pages\/13","targetHints":{"allow":["GET"]}}],"collection":[{"href":"https:\/\/italia.wordcamp.org\/2022\/wp-json\/wp\/v2\/pages"}],"about":[{"href":"https:\/\/italia.wordcamp.org\/2022\/wp-json\/wp\/v2\/types\/page"}],"author":[{"embeddable":true,"href":"https:\/\/italia.wordcamp.org\/2022\/wp-json\/wp\/v2\/users\/14535036"}],"replies":[{"embeddable":true,"href":"https:\/\/italia.wordcamp.org\/2022\/wp-json\/wp\/v2\/comments?post=13"}],"version-history":[{"count":13,"href":"https:\/\/italia.wordcamp.org\/2022\/wp-json\/wp\/v2\/pages\/13\/revisions"}],"predecessor-version":[{"id":3188,"href":"https:\/\/italia.wordcamp.org\/2022\/wp-json\/wp\/v2\/pages\/13\/revisions\/3188"}],"wp:attachment":[{"href":"https:\/\/italia.wordcamp.org\/2022\/wp-json\/wp\/v2\/media?parent=13"}],"curies":[{"name":"wp","href":"https:\/\/api.w.org\/{rel}","templated":true}]}}