{"id":185,"date":"2021-08-12T18:09:20","date_gmt":"2021-08-12T16:09:20","guid":{"rendered":"https:\/\/italia.wordcamp.org\/2021\/?page_id=185"},"modified":"2021-10-22T08:32:55","modified_gmt":"2021-10-22T06:32:55","slug":"home","status":"publish","type":"page","link":"https:\/\/italia.wordcamp.org\/2021\/","title":{"rendered":"Home"},"content":{"rendered":"\n<div class=\"wp-block-group alignwide\"><div class=\"wp-block-group__inner-container is-layout-flow wp-block-group-is-layout-flow\">\n<h2 class=\"alignwide has-text-align-center has-text-color wp-block-heading\" style=\"color:#0180ff\">Il secondo WordCamp Italia:<br>online il 22 e 23 ottobre<\/h2>\n\n\n\n<div class=\"wp-block-group alignfull container_col\"><div class=\"wp-block-group__inner-container is-layout-flow wp-block-group-is-layout-flow\">\n<div class=\"wp-block-columns alignwide is-layout-flex wp-container-core-columns-is-layout-9d6595d7 wp-block-columns-is-layout-flex\">\n<div class=\"wp-block-column is-layout-flow wp-block-column-is-layout-flow\">\n<div class=\"wp-block-image\"><figure class=\"aligncenter size-medium\"><a href=\"https:\/\/italia.wordcamp.org\/2021\/traccia-1\/\"><img loading=\"lazy\" decoding=\"async\" width=\"300\" height=\"300\" src=\"https:\/\/italia.wordcamp.org\/2021\/files\/2021\/10\/button-track-1-300x300.png\" alt=\"\" class=\"wp-image-2519\" srcset=\"https:\/\/italia.wordcamp.org\/2021\/files\/2021\/10\/button-track-1-300x300.png 300w, https:\/\/italia.wordcamp.org\/2021\/files\/2021\/10\/button-track-1-1024x1024.png 1024w, https:\/\/italia.wordcamp.org\/2021\/files\/2021\/10\/button-track-1-150x150.png 150w, https:\/\/italia.wordcamp.org\/2021\/files\/2021\/10\/button-track-1-768x767.png 768w, https:\/\/italia.wordcamp.org\/2021\/files\/2021\/10\/button-track-1-1200x1199.png 1200w, https:\/\/italia.wordcamp.org\/2021\/files\/2021\/10\/button-track-1.png 1252w\" sizes=\"auto, (max-width: 300px) 100vw, 300px\" \/><\/a><\/figure><\/div>\n<\/div>\n\n\n\n<div class=\"wp-block-column is-layout-flow wp-block-column-is-layout-flow\">\n<div class=\"wp-block-image\"><figure class=\"aligncenter size-medium\"><a href=\"https:\/\/italia.wordcamp.org\/2021\/traccia-2\/\"><img loading=\"lazy\" decoding=\"async\" width=\"300\" height=\"300\" src=\"https:\/\/italia.wordcamp.org\/2021\/files\/2021\/10\/button-track-2-300x300.png\" alt=\"\" class=\"wp-image-2520\" srcset=\"https:\/\/italia.wordcamp.org\/2021\/files\/2021\/10\/button-track-2-300x300.png 300w, https:\/\/italia.wordcamp.org\/2021\/files\/2021\/10\/button-track-2-1024x1024.png 1024w, https:\/\/italia.wordcamp.org\/2021\/files\/2021\/10\/button-track-2-150x150.png 150w, https:\/\/italia.wordcamp.org\/2021\/files\/2021\/10\/button-track-2-768x767.png 768w, https:\/\/italia.wordcamp.org\/2021\/files\/2021\/10\/button-track-2-1200x1199.png 1200w, https:\/\/italia.wordcamp.org\/2021\/files\/2021\/10\/button-track-2.png 1252w\" sizes=\"auto, (max-width: 300px) 100vw, 300px\" \/><\/a><\/figure><\/div>\n<\/div>\n<\/div>\n<\/div><\/div>\n<\/div><\/div>\n\n\n\n<div class=\"wp-block-query is-layout-flow wp-block-query-is-layout-flow\"><ul class=\"wp-block-post-template is-layout-flow wp-block-post-template-is-layout-flow\"><li class=\"wp-block-post post-2762 post type-post status-publish format-standard hentry category-annunci\">\n<h2 class=\"wp-block-post-title\">WordCamp Italia 2021: che si dice?<\/h2>\n\n<div class=\"entry-content wp-block-post-content is-layout-flow wp-block-post-content-is-layout-flow\">\n<p>\u00c8 passata gi\u00e0 qualche settimana dal <strong>WordCamp Italia 2021<\/strong>: la seconda edizione online di un WordCamp.<\/p>\n\n\n\n<p>Sar\u00e0 stata l&#8217;ultima? Torneremo presto dal vivo? Non sappiamo come evolver\u00e0 la situazione nei prossimi mesi, ovvio, ma l&#8217;entusiasmo \u00e8 tanto e <strong>qualcosa bolle gi\u00e0 in pentola<\/strong>&#8230;<\/p>\n\n\n\n<h2 class=\"wp-block-heading\">I numeri di quest&#8217;edizione<\/h2>\n\n\n\n<ul class=\"wp-block-list\"><li>8 <a href=\"https:\/\/italia.wordcamp.org\/2021\/sponsor\/\">sponsor<\/a> Platinum<\/li><li>9 <a href=\"https:\/\/italia.wordcamp.org\/2021\/sponsor\/\">sponsor<\/a> Gold<\/li><li>8 <a href=\"https:\/\/italia.wordcamp.org\/2021\/sponsor\/\">sponsor<\/a> Supporter<\/li><li>23 <a href=\"https:\/\/italia.wordcamp.org\/2021\/speakers\/\">speaker<\/a><\/li><li>12 <a href=\"https:\/\/italia.wordcamp.org\/2021\/organizzatori\/\">organizzatori<\/a><\/li><\/ul>\n\n\n\n<p>Volevamo offrirvi un <em>evento<\/em> che valesse il <em>prezzo del biglietto<\/em>. Eheheh ma il biglietto era gratis. <br>Speriamo che i due giorni di <strong>formazione e networking<\/strong> che abbiamo preparato siano piaciuti e soprattutto che siano stati utili a tutt\u0437.<br>La vostra risposta \u00e8 stata meravigliosa: <strong>1.060 partecipanti<\/strong>!<br>Grazie di cuore per essere stat\u0437 con noi! \ud83d\udc9c<\/p>\n\n\n\n<h2 class=\"wp-block-heading\">Ma io non c&#8217;ero? Cosa faccio?<\/h2>\n\n\n\n<p>Se non hai potuto partecipare o se vuoi rivedere qualche talk sono stati caricati tutti su\u00a0<a href=\"https:\/\/wordpress.tv\/event\/wordcamp-italy-italia-2021\/\" data-type=\"URL\" data-id=\"https:\/\/wordpress.tv\/event\/wordcamp-italy-italia-2021\/\" target=\"_blank\" rel=\"noreferrer noopener\">WordPress.tv<\/a>\u00a0.<\/p>\n\n\n\n<h3 class=\"wp-block-heading\">E le slide?<\/h3>\n\n\n\n<p>Vai sul <a href=\"https:\/\/italia.wordcamp.org\/2021\/schedule\/\">programma del WordCamp<\/a>, fai clic sul titolo del talk che ti interessa e troverai le relative slide!<\/p>\n\n\n\n<h2 class=\"wp-block-heading\">Quando ci rivediamo?<\/h2>\n\n\n\n<p>In attesa di capire quando (e come) ci sar\u00e0 il prossimo WordCamp, rimani in contatto con la <strong>community ufficiale di WordPress<\/strong>:<\/p>\n\n\n\n<ul class=\"wp-block-list\"><li>tramite i canali social del WordCamp: <a rel=\"noreferrer noopener\" href=\"https:\/\/www.facebook.com\/WordCampItalia\" target=\"_blank\">Facebook<\/a> e <a rel=\"noreferrer noopener\" href=\"https:\/\/twitter.com\/WordCampItalia\" target=\"_blank\">Twitter<\/a><\/li><li>su Slack, la piattaforma adottata dalla&nbsp;<a rel=\"noreferrer noopener\" href=\"https:\/\/it.wordpress.org\/unisciti-alla-community\/\" target=\"_blank\">Community di WordPress<\/a> (se non sai ancora come iscriverti <a href=\"https:\/\/italia.wordcamp.org\/2021\/come-iscriversi-a-slack-ed-entrare-nella-community-italiana-di-wordpress\/\">leggi qui come fare<\/a>)<\/li><li>unendoti al <a href=\"https:\/\/it.wordpress.org\/meetup\/\">meetup<\/a> pi\u00f9 vicino alla tua citt\u00e0<\/li><\/ul>\n\n\n\n<p>A presto!<\/p>\n\n\n\n<p><em>Giorgia e il team degli organizzatori<\/em><\/p>\n<\/div>\n<\/li><\/ul><\/div>\n\n\n\n<hr class=\"wp-block-separator\" \/>\n\n\n\n<div class=\"wp-block-buttons is-content-justification-center is-layout-flex wp-block-buttons-is-layout-flex\">\n<div class=\"wp-block-button\"><a class=\"wp-block-button__link\" href=\"\/2021\/blog\/\">leggi tutti gli articoli del blog<\/a><\/div>\n<\/div>\n","protected":false},"excerpt":{"rendered":"<p>Il secondo WordCamp Italia:online il 22 e 23 ottobre<\/p>\n","protected":false},"author":15311714,"featured_media":221,"parent":0,"menu_order":0,"comment_status":"closed","ping_status":"closed","template":"","meta":{"jetpack_post_was_ever_published":false,"footnotes":""},"class_list":["post-185","page","type-page","status-publish","has-post-thumbnail","hentry"],"jetpack_sharing_enabled":true,"_links":{"self":[{"href":"https:\/\/italia.wordcamp.org\/2021\/wp-json\/wp\/v2\/pages\/185","targetHints":{"allow":["GET"]}}],"collection":[{"href":"https:\/\/italia.wordcamp.org\/2021\/wp-json\/wp\/v2\/pages"}],"about":[{"href":"https:\/\/italia.wordcamp.org\/2021\/wp-json\/wp\/v2\/types\/page"}],"author":[{"embeddable":true,"href":"https:\/\/italia.wordcamp.org\/2021\/wp-json\/wp\/v2\/users\/15311714"}],"replies":[{"embeddable":true,"href":"https:\/\/italia.wordcamp.org\/2021\/wp-json\/wp\/v2\/comments?post=185"}],"version-history":[{"count":48,"href":"https:\/\/italia.wordcamp.org\/2021\/wp-json\/wp\/v2\/pages\/185\/revisions"}],"predecessor-version":[{"id":2737,"href":"https:\/\/italia.wordcamp.org\/2021\/wp-json\/wp\/v2\/pages\/185\/revisions\/2737"}],"wp:featuredmedia":[{"embeddable":true,"href":"https:\/\/italia.wordcamp.org\/2021\/wp-json\/wp\/v2\/media\/221"}],"wp:attachment":[{"href":"https:\/\/italia.wordcamp.org\/2021\/wp-json\/wp\/v2\/media?parent=185"}],"curies":[{"name":"wp","href":"https:\/\/api.w.org\/{rel}","templated":true}]}}