{"id":12,"date":"2021-08-04T14:05:30","date_gmt":"2021-08-04T12:05:30","guid":{"rendered":"https:\/\/italia.wordcamp.org\/2021\/organisers\/"},"modified":"2021-09-15T09:28:10","modified_gmt":"2021-09-15T07:28:10","slug":"organizzatori","status":"publish","type":"page","link":"https:\/\/italia.wordcamp.org\/2021\/organizzatori\/","title":{"rendered":"Organizzatori"},"content":{"rendered":"<ul class=\"wordcamp-block wordcamp-post-list has-layout-list wordcamp-organizers alignwide\"><li class=\"wordcamp-post-list__post wordcamp-clearfix\">\n<div class=\"wordcamp-organizer wordcamp-organizers__post slug-giorgia-castro\">\n\t<h3 class=\"wordcamp-block__item-title wordcamp-organizers__title\" style=\"text-align:center\">Giorgia Castro<\/h3>\n\t\t\t<div class=\"wordcamp-image__avatar-container align-center\">\n\t\t\t<img decoding=\"async\" src=\"https:\/\/secure.gravatar.com\/avatar\/e1c2cf64705123a856dcbf22f0c2eec7c7b1b4a1feab295e4e7261315ed8e62a?s=150&amp;d=mm&amp;r=g\" alt=\"Avatar di Giorgia Castro\" \/>\t\t<\/div>\n\t\n\t\t\t<div class=\"wordcamp-block__item-content wordcamp-organizers__content is-full\"><p>Grafica freelance dal 2008, mi son avvicinata al web attraverso WordPress e son rimasta affascinata dalla community che gli gira intorno: ho conosciuto persone fantastiche, condiviso competenze, avviato nuove collaborazioni e imparato un sacco di cose nuove. E non solo questo, ho anche stretto delle bellissime amicizie.<br \/>Sono una delle organizzatrici del <a rel=\"noreferrer noopener\" href=\"https:\/\/www.meetup.com\/it-IT\/Verona-WordPress-Meetup\/\" target=\"_blank\">WordPress Verona Meetup<\/a>.<br \/>Nel tempo libero, oltre a leggere un sacco di libri, cantare, guardare serie tv e tirare con l&#8217;arco, mi diverto a collaborare con il team Polyglots e faccio la volontaria in tutti i WordCamp cui riesco a partecipare perch\u00e9 ogni occasione \u00e8 un fantastico viaggio.<br \/>Dopo aver partecipato all\u2019organizzazione dei WordCamp di Verona, Catania, Milano e alla prima edizione del WordCamp Italia online, quest\u2019anno \u00e8 la volta di provare un\u2019esperienza ancora pi\u00f9 grande e far\u00f2 del mio meglio, insieme ad una squadra fantastica, per rendere questo evento grandioso.<\/p>\n<\/div>\t<\/div>\n\n<\/li><li class=\"wordcamp-post-list__post wordcamp-clearfix\">\n<div class=\"wordcamp-organizer wordcamp-organizers__post slug-stefano-cassone\">\n\t<h3 class=\"wordcamp-block__item-title wordcamp-organizers__title\" style=\"text-align:center\">Stefano Cassone<\/h3>\n\t\t\t<div class=\"wordcamp-image__avatar-container align-center\">\n\t\t\t<img decoding=\"async\" src=\"https:\/\/secure.gravatar.com\/avatar\/04364f376e93f531aa6dab7aa1298037d29386457121d84cc1e207a25a97b5e7?s=150&amp;d=mm&amp;r=g\" alt=\"Avatar di Stefano Cassone\" \/>\t\t<\/div>\n\t\n\t\t\t<div class=\"wordcamp-block__item-content wordcamp-organizers__content is-full\"><p>Entusiasta di WordPress, a inizio 2018 mi sono avvicinato alla community italiana su Slack&#8230; ed \u00e8 stato un vero colpo di fulmine: da quel momento partecipo attivamente alla vita della community, principalmente nel team Polyglots ma anche nel team Supporto e do una mano per quanto riguarda creazione e traduzione della documentazione di WordPress.<\/p>\n<p>Partecipo spessissimo ai WordCamp italiani come volontario (principalmente fotografo) e al Meetup di Roma, mia citt\u00e0 di appartenenza, di cui sono diventato co-organizer, ma anche agli altri meetup italiani quando organizzano eventi online.<\/p>\n<p>Nel tempo libero amo la fotografia, sopratutto paesaggistica ma anche caccia fotografica, fare lunghe passeggiate e nuotare (quando ho tempo).<\/p>\n<\/div>\t<\/div>\n\n<\/li><li class=\"wordcamp-post-list__post wordcamp-clearfix\">\n<div class=\"wordcamp-organizer wordcamp-organizers__post slug-erika-gili\">\n\t<h3 class=\"wordcamp-block__item-title wordcamp-organizers__title\" style=\"text-align:center\">Erika Gili<\/h3>\n\t\t\t<div class=\"wordcamp-image__avatar-container align-center\">\n\t\t\t<img decoding=\"async\" src=\"https:\/\/secure.gravatar.com\/avatar\/5e8d23361137417aad3d069f1c5921489d71b1a519b26a5d50269d3cc14f894f?s=150&amp;d=mm&amp;r=g\" alt=\"Avatar di Erika Gili\" \/>\t\t<\/div>\n\t\n\t\t\t<div class=\"wordcamp-block__item-content wordcamp-organizers__content is-full\"><p>Ingegnere energetico convertita a software developer, dal 2011 lavoro nel settore ed ho collaborato con pubblica amministrazione, startup innovative e grandi multinazionali. <br \/>Come PHP developer prima o poi si entra in contatto con WordPress: un amico che chiede una mano, un test per un lavoro, ed in un attimo mi sono trovata a sviluppare temi e plugin per puro divertimento.<\/p>\n<p>La community \u00e8 stata una piacevole scoperta: dopo un impegno lavorativo che mi ha portata ad approfondire Gutenberg proprio al momento del suo rilascio, ho tenuto uno speech al WordCamp Milano 2018 sull\u2019argomento, e nonostante la mia timidezza cronica mi sono divertita! Da quel momento ho partecipato e tenuto speech ai meetup di Castelfranco Veneto, tenuto un altro speech al WordCamp Verona 2019, e per quest\u2019anno ho deciso di contribuire facendo parte di questo fantastico team!<\/p>\n<\/div>\t<\/div>\n\n<\/li><li class=\"wordcamp-post-list__post wordcamp-clearfix\">\n<div class=\"wordcamp-organizer wordcamp-organizers__post slug-lorenzo-fracassi\">\n\t<h3 class=\"wordcamp-block__item-title wordcamp-organizers__title\" style=\"text-align:center\">Lorenzo Fracassi<\/h3>\n\t\t\t<div class=\"wordcamp-image__avatar-container align-center\">\n\t\t\t<img decoding=\"async\" src=\"https:\/\/secure.gravatar.com\/avatar\/d55b3f00ba66447e4c201f87ddf4ca68e847ea09f2cc3fe8af69354a7c28bfc0?s=150&amp;d=mm&amp;r=g\" alt=\"Avatar di Lorenzo Fracassi\" \/>\t\t<\/div>\n\t\n\t\t\t<div class=\"wordcamp-block__item-content wordcamp-organizers__content is-full\"><p>Web designer e giornalista, creo siti web, personalizzo temi, aggiungo funzioni e\u2026 risolvo problemi!<\/p>\n<p>Ho conosciuto questa community nel 2018 tramite il meetup di Verona e da allora non riesco a farne a meno! Partendo dal mio primo WordCamp a Brighton sono poi stato speaker al WordCamp di Verona e ho sempre partecipato ai Contributor Day, che adoro! Dopo un paio di tavoli al supporto sono passato a quello della WordPress TV e con il tempo sono entrato nel team internazionale come editor e moderatore.<\/p>\n<p>In questo periodo di eventi online ho cercato di aiutare a realizzare e gestire alcuni eventi come il WordPress Meetup di Verona, e dopo la bellissima esperienza del&#8217; WordCamp Italia 2020 sono felicissimo di poter dare una mano anche per l&#8217;edizione 2021!<\/p>\n<\/div>\t<\/div>\n\n<\/li><li class=\"wordcamp-post-list__post wordcamp-clearfix\">\n<div class=\"wordcamp-organizer wordcamp-organizers__post slug-nicola-losito\">\n\t<h3 class=\"wordcamp-block__item-title wordcamp-organizers__title\" style=\"text-align:center\">Nicola Losito<\/h3>\n\t\t\t<div class=\"wordcamp-image__avatar-container align-center\">\n\t\t\t<img decoding=\"async\" src=\"https:\/\/secure.gravatar.com\/avatar\/aa662724626eb1fe69d8efbc8da138816a7c75938cc77ecbed5dd7c067b31e9b?s=150&amp;d=mm&amp;r=g\" alt=\"Avatar di Nicola Losito\" \/>\t\t<\/div>\n\t\n\t\t\t<div class=\"wordcamp-block__item-content wordcamp-organizers__content is-full\"><p>Tecnico informatico ed ex consulente ITC, <em>surfo<\/em> il web dal 1997 con il nickname kOoLiNuS. Nel febbraio 2003 ho aperto il mio primo blog, e sono diventato un utente&nbsp;del CMS WordPress (.org) sei mesi pi\u00f9 tardi. (Sono anche un utente della piattaforma WordPress.com dal Gennaio 2006).<\/p>\n<p>Nel 2007 sono stato un co-fondatore del sito Usare WordPress.com che aiutava gli utenti a districarsi tra le funzioni della piattaforma (all&#8217;epoca molto pi\u00f9 simile al CMS da cui traeva origine) e traduttore solitario di temi. <\/p>\n<p>Sono poi entrato a far parte del team Polyglots e dal 2016 ho cominciato a partecipare in maniera attivamente nella Comunit\u00e0 Italiana di WordPress diventando co-organizzatore e co-fondatore del gruppo\u00a0<a rel=\"noreferrer noopener\" href=\"https:\/\/www.meetup.com\/it-IT\/WordPress-Meetup-Bari\/\" target=\"_blank\">meetup WordPress Bari<\/a>\u00a0e co-organizzatore del gruppo\u00a0<a rel=\"noreferrer noopener\" href=\"https:\/\/www.meetup.com\/it-IT\/Puglia-WooCommerce-Meetup\" target=\"_blank\">Puglia WooCommerce meetup<\/a>\u00a0, patrocinando la nascita di altri gruppi pugliesi e organizzando l\u2019<a rel=\"noreferrer noopener\" href=\"https:\/\/bari.wordcamp.org\/2018\" target=\"_blank\" data-type=\"URL\" data-id=\"https:\/\/bari.wordcamp.org\/2018\">edizione 2018<\/a> e l\u2019<a rel=\"noreferrer noopener\" href=\"https:\/\/bari.wordcamp.org\/2019\" data-type=\"URL\" data-id=\"https:\/\/bari.wordcamp.org\/2019\" target=\"_blank\">edizione 2019<\/a> del <strong>WordCamp Bari<\/strong>. Nel 2021 ho deciso di aiutare il team a costruire una entusiasmanete edizione telematica del <strong>WordCamp Italia<\/strong>.<\/p>\n<\/div>\t<\/div>\n\n<\/li><li class=\"wordcamp-post-list__post wordcamp-clearfix\">\n<div class=\"wordcamp-organizer wordcamp-organizers__post slug-gloria-liuni\">\n\t<h3 class=\"wordcamp-block__item-title wordcamp-organizers__title\" style=\"text-align:center\">Gloria Liuni<\/h3>\n\t\t\t<div class=\"wordcamp-image__avatar-container align-center\">\n\t\t\t<img decoding=\"async\" src=\"https:\/\/secure.gravatar.com\/avatar\/61858e44689141e41d26454ab389463ed66547dd05f15d520ae9f1d4290a534f?s=150&amp;d=mm&amp;r=g\" alt=\"Avatar di Gloria Liuni\" \/>\t\t<\/div>\n\t\n\t\t\t<div class=\"wordcamp-block__item-content wordcamp-organizers__content is-full\"><p>Quando ero piccola ho risposto mille volte alla domanda \u201ccosa farai da grande\u201d, ma nessuna risposta \u00e8 mai stata: la Web Designer. Motivo? La professione allora non esisteva! Oggi esiste e mi permette di aiutare moltissime persone nei loro progetti web, sia come consulente che come formatrice.<br \/>Nel 2009 incontro WordPress ed \u00e8 amore a prima vista. Sono appassionata della piattaforma perch\u00e9 credo che ognun\u0259 debba essere il pi\u00f9 possibile padron\u0259 del proprio sito e gestirne i contenuti. Trasmettere conoscenza \u00e8 un mio valore cardine, per questo dedico buona parte del mio business nella formazione all\u2019uso di WordPress.<\/p>\n<p>Nel 2017 scopro la Community Italiana e non si sono pi\u00f9 liberati di me! Contribuisco nel forum di Supporto e come co-organizzatrice del WordPress Meetup Torino.<\/p>\n<p>Ogni tanto mi trovate come&nbsp;<a rel=\"noreferrer noopener\" href=\"https:\/\/wordpress.tv\/?s=Gloria+Liuni\" target=\"_blank\">speaker<\/a>&nbsp;nei Meetup e nei WordCamp.<\/p>\n<p>Nel tempo libero leggo, passeggio in montagna e faccio volontariato per la Croce Verde Torino.<\/p>\n<blockquote class=\"wp-block-quote is-layout-flow wp-block-quote-is-layout-flow\">\n<p><em>Se fai solo quello che sai fare, non sarai mai pi\u00f9 di quello che sei ora.<\/em><\/p>\n<p><cite><em>(Maestro Shifu)<\/em><\/cite><\/p><\/blockquote>\n<\/div>\t<\/div>\n\n<\/li><li class=\"wordcamp-post-list__post wordcamp-clearfix\">\n<div class=\"wordcamp-organizer wordcamp-organizers__post slug-piermario-orecchioni\">\n\t<h3 class=\"wordcamp-block__item-title wordcamp-organizers__title\" style=\"text-align:center\">Piermario Orecchioni<\/h3>\n\t\t\t<div class=\"wordcamp-image__avatar-container align-center\">\n\t\t\t<img decoding=\"async\" src=\"https:\/\/secure.gravatar.com\/avatar\/32a573b9b1d00be96fa090f0a1c9a4a28393e018772692be9daf9df7d421694f?s=150&amp;d=mm&amp;r=g\" alt=\"Avatar di Piermario Orecchioni\" \/>\t\t<\/div>\n\t\n\t\t\t<div class=\"wordcamp-block__item-content wordcamp-organizers__content is-full\"><p>Ho iniziato a navigare su internet a fine anni 90 e costruito il mio primo sito nel 2001, quando poter aggiungere i link <em>valid xhtml<\/em> e <em>valid css<\/em> in fondo alle pagine non era solo motivo di grande orgoglio, ma anche un modo per imparare a costruire siti badando al sodo (ed agli standard). <\/p>\n<p>Ho sentito parlare di WordPress quando ancora andava di moda Movable Type, ma allora ero troppo terrorizzato dai database MySql. Ho installato WordPress per la prima volta nel 2007 e da allora ho iniziato ad usarlo per quasi tutti i miei progetti. <\/p>\n<p>Credo che la tecnologia possa essere spiegata in modo semplice, e che debba essere accessibile a tutti. <\/p>\n<p>Dal 2017 sono attivo come volontario nella comunit\u00e0 italiana ed internazionale di WordPress, in particolare nel team Polyglots. Sono felice di essere d&#8217;aiuto, far parte di un gruppo fantastico e restituire a WordPress almeno parte di quanto mi ha dato in tutti questi anni. <\/p>\n<p>Oltre a costruire siti internet, mi piacciono le nuvole, i fari, le balene, la fotografia analogica, sono un sommelier di succhi alla pera e questo \u00e8 il mio primo WordCamp come organizzatore. <\/p>\n<\/div>\t<\/div>\n\n<\/li><li class=\"wordcamp-post-list__post wordcamp-clearfix\">\n<div class=\"wordcamp-organizer wordcamp-organizers__post slug-margherita-pelonara\">\n\t<h3 class=\"wordcamp-block__item-title wordcamp-organizers__title\" style=\"text-align:center\">Margherita Pelonara<\/h3>\n\t\t\t<div class=\"wordcamp-image__avatar-container align-center\">\n\t\t\t<img decoding=\"async\" src=\"https:\/\/secure.gravatar.com\/avatar\/bbb3335d990463032612adfc4982d8ee8cc0c54c7c7a84a0414928985d0aca25?s=150&amp;d=mm&amp;r=g\" alt=\"Avatar di Margherita Pelonara\" \/>\t\t<\/div>\n\t\n\t\t\t<div class=\"wordcamp-block__item-content wordcamp-organizers__content is-full\"><p>Ho conosciuto il web nel 1996, quando ho scelto l\u2019hotel della mia luna di miele perch\u00e9 aveva un bel sito internet. Da allora \u00e8 stato solo amore e le uniche volte in cui abbiamo litigato \u00e8 sempre stata colpa della pessima qualit\u00e0 del segnale di rete.<\/p>\n<p>WordPress \u00e8 entrato di prepotenza nella mia vita: era il 2013 ed io sfornavo un sito Joomla ogni 2 settimane in una triste agenzia web di provincia. Il titolare un giorno mi &#8220;impone&#8221; un cambio di piattaforma per compiacere le richieste di un cliente. Un po&#8217; intimorita inizio l&#8217;installazione controvoglia e per senso del dovere. Un&#8217;installazione che \u00e8 durata meno di 5 minuti: non sono mai pi\u00f9 tornata indietro perch\u00e9 \u00e8 subito nato un feeling incredibile! <\/p>\n<p>Da allora sono cambiate molte cose: faccio siti WordPress nella mia Bottega, ho aperto il WordPress Meetup di Ancona nel 2016 e ogni tanto organizzo incontri, ho fatto la speaker a WordCamp Bari 2018 e 2019 e a <a href=\"https:\/\/wordpress.tv\/?s=Margherita+Pelonara+\" target=\"_blank\" rel=\"noreferrer noopener\">WordCamp Italia 2020<\/a>.<\/p>\n<\/div>\t<\/div>\n\n<\/li><li class=\"wordcamp-post-list__post wordcamp-clearfix\">\n<div class=\"wordcamp-organizer wordcamp-organizers__post slug-laura-sacco\">\n\t<h3 class=\"wordcamp-block__item-title wordcamp-organizers__title\" style=\"text-align:center\">Laura Sacco<\/h3>\n\t\t\t<div class=\"wordcamp-image__avatar-container align-center\">\n\t\t\t<img decoding=\"async\" src=\"https:\/\/secure.gravatar.com\/avatar\/6a2b01a5941c76bbe46c5db8f7aea0135b2f35c91baa8a2520598c74ce494ebb?s=150&amp;d=mm&amp;r=g\" alt=\"Avatar di Laura Sacco\" \/>\t\t<\/div>\n\t\n\t\t\t<div class=\"wordcamp-block__item-content wordcamp-organizers__content is-full\"><p>Support engineer a Yoast, Mentore digitale\u00ae e consulente per nuove imprese, con la passione dell\u2019organizzazione e della comunicazione.<\/p>\n<p>Nel 2016 mi avvicino alla community italiana di WordPress ed \u00e8 colpo di fulmine. Da allora contribuisco attivamente al suo sviluppo, principalmente nel team polyglots.<\/p>\n<p>Partecipo all\u2019organizzazione dei WordCamp e dei Meetup nella mia citt\u00e0 natale, Torino e mi piace molto partecipare ai WordCamp organizzati nelle altre citt\u00e0 italiane ed europee.<\/p>\n<p>Nel tempo libero amo leggere, praticare yoga, nuotare e cucinare.<\/p>\n<p><em>Credo che le fiabe siano vere e la realt\u00e0 dipenda dalla prospettiva<\/em><\/p>\n<\/div>\t<\/div>\n\n<\/li><li class=\"wordcamp-post-list__post wordcamp-clearfix\">\n<div class=\"wordcamp-organizer wordcamp-organizers__post slug-enrico-sorcinelli\">\n\t<h3 class=\"wordcamp-block__item-title wordcamp-organizers__title\" style=\"text-align:center\">Enrico Sorcinelli<\/h3>\n\t\t\t<div class=\"wordcamp-image__avatar-container align-center\">\n\t\t\t<img decoding=\"async\" src=\"https:\/\/secure.gravatar.com\/avatar\/bf798e28e45d2c4fcaca0b67a800bb8fda152b675b336eb26e26489dc0c002c8?s=150&amp;d=mm&amp;r=g\" alt=\"Avatar di Enrico Sorcinelli\" \/>\t\t<\/div>\n\t\n\t\t\t<div class=\"wordcamp-block__item-content wordcamp-organizers__content is-full\"><p>Appassionato entusiasta dell&#8217;<strong>Open Source<\/strong>, mi piace contribuire attivamente a diversi progetti, attratto da ogni <em>bazar<\/em> ove si faccia software libero divertendosi.<br \/>E la community <strong>WordPress<\/strong> \u00e8 uno dei miei posti preferiti.<\/p>\n<p>Con oltre 20 anni di esperienza nell&#8217;architettura e nello sviluppo di applicazioni full stack, amo costruire sistemi in Node.js, Perl e PHP usando il pi\u00f9 possibile metodologie di e<strong>X<\/strong>treme <strong>P<\/strong>rogramming.<\/p>\n<p>Attualmente lavoro in Italiaonline come responsabile dei sistemi CMS.<\/p>\n<p>Nel tempo libero, mi piace <em>pestare<\/em> tamburi e tastiere con la mia band e divertirmi ai fornelli con creativit\u00e0.<\/p>\n<\/div>\t<\/div>\n\n<\/li><li class=\"wordcamp-post-list__post wordcamp-clearfix\">\n<div class=\"wordcamp-organizer wordcamp-organizers__post slug-carola-speri\">\n\t<h3 class=\"wordcamp-block__item-title wordcamp-organizers__title\" style=\"text-align:center\">Carola Speri<\/h3>\n\t\t\t<div class=\"wordcamp-image__avatar-container align-center\">\n\t\t\t<img decoding=\"async\" src=\"https:\/\/secure.gravatar.com\/avatar\/502d384ca0321d549a0721c618e3b7cd313aea55deee698a5bd8d86fb273de89?s=150&amp;d=mm&amp;r=g\" alt=\"Avatar di Carola Speri\" \/>\t\t<\/div>\n\t\n\t\t\t<div class=\"wordcamp-block__item-content wordcamp-organizers__content is-full\"><p>Il mio mondo \u00e8 tutto quello che riguarda la comunicazione visiva e la creativit\u00e0; creo brand e siti web per aiutare aziende e professionisti a comunicare in maniera pi\u00f9 efficace quello che fanno.<\/p>\n<p>Quando non sono dietro ad un monitor potete trovarmi con fili e gomitoli tra le mani o nel mio posto preferito: a pagaiare con la tavola da sup sul mio amato lago di Garda.<\/p>\n<p>La mia storia con la community di WordPress \u00e8 iniziata alla prima edizione del WordCamp Torino nel 2016; successivamente ho organizzato due WordCamp a Verona e fatto la volontaria in molti altri. Credo che la community e trovarsi di persona siano un valore imprescindibile alla base di ogni gruppo, anche in WordPress.<\/p><\/p>\n<\/div>\t<\/div>\n\n<\/li><li class=\"wordcamp-post-list__post wordcamp-clearfix\">\n<div class=\"wordcamp-organizer wordcamp-organizers__post slug-cristiano-zanca\">\n\t<h3 class=\"wordcamp-block__item-title wordcamp-organizers__title\" style=\"text-align:center\">Cristiano Zanca<\/h3>\n\t\t\t<div class=\"wordcamp-image__avatar-container align-center\">\n\t\t\t<img decoding=\"async\" src=\"https:\/\/secure.gravatar.com\/avatar\/c7d57e39f3a21c2a10cba7fd48977eb25fe5bd93bd0e36293ae3d0d5bcdd78ce?s=150&amp;d=mm&amp;r=g\" alt=\"Avatar di Cristiano Zanca\" \/>\t\t<\/div>\n\t\n\t\t\t<div class=\"wordcamp-block__item-content wordcamp-organizers__content is-full\"><p>Mi chiamo Cristiano Zanca ho iniziato a navigare in Internet nel 1995 utilizzando&nbsp;<strong>Mosaic<\/strong> con un modem 14.4 kbit\/s<\/p>\n<p>Sviluppo software per l\u2019<strong>eCommerce<\/strong>&nbsp;con&nbsp;<strong>WooCommerce<\/strong>&nbsp;e mi considero un <strong>problem solver<\/strong>.<br \/>Faccio orgogliosamente parte della grande <strong>Comunit\u00e0 Internazionale WordPress.<br \/><\/strong>Sono da sempre un sostenitore del software&nbsp;<strong>Open Source<\/strong><\/p>\n<\/div>\t<\/div>\n\n<\/li><\/ul>","protected":false},"excerpt":{"rendered":"","protected":false},"author":15812760,"featured_media":0,"parent":0,"menu_order":0,"comment_status":"closed","ping_status":"closed","template":"","meta":{"jetpack_post_was_ever_published":false,"footnotes":""},"class_list":["post-12","page","type-page","status-publish","hentry"],"jetpack_sharing_enabled":true,"_links":{"self":[{"href":"https:\/\/italia.wordcamp.org\/2021\/wp-json\/wp\/v2\/pages\/12","targetHints":{"allow":["GET"]}}],"collection":[{"href":"https:\/\/italia.wordcamp.org\/2021\/wp-json\/wp\/v2\/pages"}],"about":[{"href":"https:\/\/italia.wordcamp.org\/2021\/wp-json\/wp\/v2\/types\/page"}],"author":[{"embeddable":true,"href":"https:\/\/italia.wordcamp.org\/2021\/wp-json\/wp\/v2\/users\/15812760"}],"replies":[{"embeddable":true,"href":"https:\/\/italia.wordcamp.org\/2021\/wp-json\/wp\/v2\/comments?post=12"}],"version-history":[{"count":8,"href":"https:\/\/italia.wordcamp.org\/2021\/wp-json\/wp\/v2\/pages\/12\/revisions"}],"predecessor-version":[{"id":874,"href":"https:\/\/italia.wordcamp.org\/2021\/wp-json\/wp\/v2\/pages\/12\/revisions\/874"}],"wp:attachment":[{"href":"https:\/\/italia.wordcamp.org\/2021\/wp-json\/wp\/v2\/media?parent=12"}],"curies":[{"name":"wp","href":"https:\/\/api.w.org\/{rel}","templated":true}]}}