{"id":8,"date":"2020-07-14T13:38:30","date_gmt":"2020-07-14T13:38:30","guid":{"rendered":"https:\/\/2020.italia.wordcamp.org\/speakers\/"},"modified":"2020-10-08T12:41:05","modified_gmt":"2020-10-08T10:41:05","slug":"speakers","status":"publish","type":"page","link":"https:\/\/italia.wordcamp.org\/2020\/speakers\/","title":{"rendered":"Speakers"},"content":{"rendered":"<ul class=\"wordcamp-block wordcamp-post-list has-layout-list wordcamp-speakers alignfull\"><li class=\"wordcamp-post-list__post wordcamp-clearfix\">\n<div class=\"wordcamp-speaker wordcamp-speakers__post slug-alice-orru\">\n\t<h3 class=\"wordcamp-block__item-title wordcamp-speakers__title\"><a href=\"https:\/\/italia.wordcamp.org\/2020\/speaker\/alice-orru\/\">Alice Orr\u00f9<\/a><\/h3>\n\t\t\t<div class=\"wordcamp-image__avatar-container align-none\">\n\t\t\t<a href=\"https:\/\/italia.wordcamp.org\/2020\/speaker\/alice-orru\/\" class=\"wordcamp-image__avatar-link\">\n\t\t\t\t<img loading=\"lazy\" decoding=\"async\" width=\"150\" height=\"150\" src=\"https:\/\/i0.wp.com\/italia.wordcamp.org\/2020\/files\/2020\/10\/Alice-Orru.jpg?resize=150%2C150&amp;ssl=1\" class=\"attachment-150x150 size-150x150 wp-post-image\" alt=\"Avatar di Alice Orr\u00f9\" srcset=\"https:\/\/i0.wp.com\/italia.wordcamp.org\/2020\/files\/2020\/10\/Alice-Orru.jpg?resize=150%2C150&amp;ssl=1 150w, https:\/\/i0.wp.com\/italia.wordcamp.org\/2020\/files\/2020\/10\/Alice-Orru.jpg?zoom=2&amp;resize=150%2C150&amp;ssl=1 300w, https:\/\/i0.wp.com\/italia.wordcamp.org\/2020\/files\/2020\/10\/Alice-Orru.jpg?zoom=3&amp;resize=150%2C150&amp;ssl=1 450w\" sizes=\"auto, (max-width: 150px) 100vw, 150px\" \/>\t\t\t<\/a>\n\t\t<\/div>\n\t\n\t\t\t<div class=\"wordcamp-block__item-content wordcamp-speakers__content is-full\"><p>Sono una copywriter e traduttrice tecnica con il pallino per il linguaggio inclusivo, le lingue straniere e WordPress. Scrivo e traduco testi che descrivono l&#8217;attivit\u00e0 di freelance e aziende WordPress in modo trasparente, attendibile e con un linguaggio inclusivo. Sono una grande fan delle documentazioni tecniche che facilitano la vita delle persone. Nel tempo libero mangio patatas bravas, gironzolo per Barcellona e leggo letteratura latinoamericana<\/p>\n<\/div>\t\n\t<\/div>\n\n<\/li><li class=\"wordcamp-post-list__post wordcamp-clearfix\">\n<div class=\"wordcamp-speaker wordcamp-speakers__post slug-enrico-battocchi\">\n\t<h3 class=\"wordcamp-block__item-title wordcamp-speakers__title\"><a href=\"https:\/\/italia.wordcamp.org\/2020\/speaker\/enrico-battocchi\/\">Enrico Battocchi<\/a><\/h3>\n\t\t\t<div class=\"wordcamp-image__avatar-container align-none\">\n\t\t\t<a href=\"https:\/\/italia.wordcamp.org\/2020\/speaker\/enrico-battocchi\/\" class=\"wordcamp-image__avatar-link\">\n\t\t\t\t<img decoding=\"async\" src=\"https:\/\/secure.gravatar.com\/avatar\/e8ce0d0cff35d41bed6d9de43a548acc34bb6b08342c80f24adad5eed4e95fb7?s=150&amp;d=mm&amp;r=g\" alt=\"Avatar di Enrico Battocchi\" \/>\t\t\t<\/a>\n\t\t<\/div>\n\t\n\t\t\t<div class=\"wordcamp-block__item-content wordcamp-speakers__content is-full\"><p>Nel 2007 ho conosciuto WordPress e ho cominciato a sviluppare il plugin Duplicate Post, che nel tempo \u00e8 diventato uno dei pi\u00f9 popolari al mondo.<br \/>Da giugno 2020 sia io che Duplicate Post facciamo parte di Yoast, dove lavoro come sviluppatore.<\/p>\n<\/div>\t\n\t<\/div>\n\n<\/li><li class=\"wordcamp-post-list__post wordcamp-clearfix\">\n<div class=\"wordcamp-speaker wordcamp-speakers__post slug-gilberto-cocchi\">\n\t<h3 class=\"wordcamp-block__item-title wordcamp-speakers__title\"><a href=\"https:\/\/italia.wordcamp.org\/2020\/speaker\/gilberto-cocchi\/\">Gilberto Cocchi<\/a><\/h3>\n\t\t\t<div class=\"wordcamp-image__avatar-container align-none\">\n\t\t\t<a href=\"https:\/\/italia.wordcamp.org\/2020\/speaker\/gilberto-cocchi\/\" class=\"wordcamp-image__avatar-link\">\n\t\t\t\t<img decoding=\"async\" src=\"https:\/\/secure.gravatar.com\/avatar\/7104bcd978b6465c8c1a188466aadb7dc4504d59c28bda708e32a1101b390c9a?s=150&amp;d=mm&amp;r=g\" alt=\"Avatar di Gilberto Cocchi\" \/>\t\t\t<\/a>\n\t\t<\/div>\n\t\n\t\t\t<div class=\"wordcamp-block__item-content wordcamp-speakers__content is-full\"><p>Lavoro in Google Italia come Web Solutions Consultant e mi occupo principalmente di tutte le tecnologie Front End relative a Web Performance. Collaboro con diverse aziende Partner di Google in EMEA con l&#8217;obiettivo di erogare un eccellente esperienza utente, velocit\u00e0 e crescita di business sfruttando le ultime tecnologie disponibili sui browser moderni. Prima di Google ho lavorato come Developer Evangelist nell&#8217;ecosistema Mobile Web sempre focalizzando una grande attenzione alla performance.<\/p>\n<\/div>\t\n\t<\/div>\n\n<\/li><li class=\"wordcamp-post-list__post wordcamp-clearfix\">\n<div class=\"wordcamp-speaker wordcamp-speakers__post slug-manuela-borgese\">\n\t<h3 class=\"wordcamp-block__item-title wordcamp-speakers__title\"><a href=\"https:\/\/italia.wordcamp.org\/2020\/speaker\/manuela-borgese\/\">Manuela Borgese<\/a><\/h3>\n\t\t\t<div class=\"wordcamp-image__avatar-container align-none\">\n\t\t\t<a href=\"https:\/\/italia.wordcamp.org\/2020\/speaker\/manuela-borgese\/\" class=\"wordcamp-image__avatar-link\">\n\t\t\t\t<img decoding=\"async\" src=\"https:\/\/secure.gravatar.com\/avatar\/bc34a6864a95394a0611932039409ce23bfe1d6012b0974d6b2e4fccbc5f1a8f?s=150&amp;d=mm&amp;r=g\" alt=\"Avatar di Manuela Borgese\" \/>\t\t\t<\/a>\n\t\t<\/div>\n\t\n\t\t\t<div class=\"wordcamp-block__item-content wordcamp-speakers__content is-full\"><p>Vicepresidente di AICEL, unica associazione di categoria dell&#8217;ecommerce, \u00e8 delegata dell\u2019associazione a livello istituzionale, nazionale ed europeo, per la tutela della categoria e la promozione del settore. Inoltre, \u00e8 avvocato specializzato nella consulenza ecommerce per le PMI, docente, consulente e formatore per enti pubblici in ambito privacy.<\/p>\n<\/div>\t\n\t<\/div>\n\n<\/li><li class=\"wordcamp-post-list__post wordcamp-clearfix\">\n<div class=\"wordcamp-speaker wordcamp-speakers__post slug-margherita-pelonara\">\n\t<h3 class=\"wordcamp-block__item-title wordcamp-speakers__title\"><a href=\"https:\/\/italia.wordcamp.org\/2020\/speaker\/margherita-pelonara\/\">Margherita Pelonara<\/a><\/h3>\n\t\t\t<div class=\"wordcamp-image__avatar-container align-none\">\n\t\t\t<a href=\"https:\/\/italia.wordcamp.org\/2020\/speaker\/margherita-pelonara\/\" class=\"wordcamp-image__avatar-link\">\n\t\t\t\t<img decoding=\"async\" src=\"https:\/\/secure.gravatar.com\/avatar\/bbb3335d990463032612adfc4982d8ee8cc0c54c7c7a84a0414928985d0aca25?s=150&amp;d=mm&amp;r=g\" alt=\"Avatar di Margherita Pelonara\" \/>\t\t\t<\/a>\n\t\t<\/div>\n\t\n\t\t\t<div class=\"wordcamp-block__item-content wordcamp-speakers__content is-full\"><p>Ho conosciuto il web nel 1996, quando scelto l&#8217;hotel della mia luna di miele perch\u00e9 aveva un bel sito internet. Da allora \u00e8 stato solo amore e le uniche volte in cui abbiamo litigato \u00e8 sempre stata colpa della pessima qualit\u00e0 del segnale di rete.<br \/>WordPress \u00e8 entrato letteralmente di prepotenza nella mia vita, su ordine imposto del mio titolare: era il 2013 ed io sfornavo un sito Joomla ogni 2 settimane in una ridente agenzia web di provincia che mi ringraziava facendomi lavorare in nero. Ma terminata quella prima installazione durata meno di 5 minuti, non sono mai pi\u00f9 torrnata indietro.<br \/>Da allora sono cambiate molte cose: ho la mia coraggiosa partita iva, faccio siti WordPress per pagare le bollette, ho aperto il WordPress Meetup di Ancona nel 2016, ho fatto la speaker a WordCamp Bari 2018 e 2019.<\/p>\n<\/div>\t\n\t<\/div>\n\n<\/li><li class=\"wordcamp-post-list__post wordcamp-clearfix\">\n<div class=\"wordcamp-speaker wordcamp-speakers__post slug-mauricio-gelves\">\n\t<h3 class=\"wordcamp-block__item-title wordcamp-speakers__title\"><a href=\"https:\/\/italia.wordcamp.org\/2020\/speaker\/mauricio-gelves\/\">Mauricio Gelves<\/a><\/h3>\n\t\t\t<div class=\"wordcamp-image__avatar-container align-none\">\n\t\t\t<a href=\"https:\/\/italia.wordcamp.org\/2020\/speaker\/mauricio-gelves\/\" class=\"wordcamp-image__avatar-link\">\n\t\t\t\t<img decoding=\"async\" src=\"https:\/\/secure.gravatar.com\/avatar\/c1e02b78939cfec5683d393e3f8ba7978bf1ed27c084bcba4cc7b414352ae0f4?s=150&amp;d=mm&amp;r=g\" alt=\"Avatar di Mauricio Gelves\" \/>\t\t\t<\/a>\n\t\t<\/div>\n\t\n\t\t\t<div class=\"wordcamp-block__item-content wordcamp-speakers__content is-full\"><p>Mauricio Gelves \u00e8 un Ingegnere di Software, lavora come Consulente WordPress e ha tenuto vari interventi in molti WordCamps in tutto il mondo. \u00c8 Nomade Digitale dal 2015, attivit\u00e0 che combina le sue due pi\u00f9 grandi passioni: viaggiare e le nuove tecnologie. Condivide le sue esperienze con articoli e video che si possono consultare e visualizzare nel suo blog e nel suo account di YouTube.<br \/>Anche collabora con SiteGround come Brand Ambassador.<br \/>Sito Web: maugelves.com<br \/>Twitter: @maugelves<br \/>YouTube: https:\/\/www.youtube.com\/c\/mauriciogelves<br \/>Instagram: https:\/\/www.instagram.com\/maugelves\/<\/p>\n<\/div>\t\n\t<\/div>\n\n<\/li><li class=\"wordcamp-post-list__post wordcamp-clearfix\">\n<div class=\"wordcamp-speaker wordcamp-speakers__post slug-untitled\">\n\t<h3 class=\"wordcamp-block__item-title wordcamp-speakers__title\"><a href=\"https:\/\/italia.wordcamp.org\/2020\/speaker\/untitled\/\">Nando Pappalardo<\/a><\/h3>\n\t\t\t<div class=\"wordcamp-image__avatar-container align-none\">\n\t\t\t<a href=\"https:\/\/italia.wordcamp.org\/2020\/speaker\/untitled\/\" class=\"wordcamp-image__avatar-link\">\n\t\t\t\t<img decoding=\"async\" src=\"https:\/\/secure.gravatar.com\/avatar\/c7d6c5c3165c9892a53f8e6312f8903a6dee67f22b5638b2429eb14b3c40b76d?s=150&amp;d=mm&amp;r=g\" alt=\"Avatar di Nando Pappalardo\" \/>\t\t\t<\/a>\n\t\t<\/div>\n\t\n\t\t\t<div class=\"wordcamp-block__item-content wordcamp-speakers__content is-full\"><p>Tra gli imprenditori di maggiore successo nell\u2019ecosistema WordPress, \u00e8 stato uno dei primi italiani a imporsi sul mercato internazionale con prodotti di top selling. Oggi \u00e8 CEO di YITH, la prima piattaforma indipendente per lo sviluppo e vendita di plugin per WooCommerce.<\/p>\n<\/div>\t\n\t<\/div>\n\n<\/li><li class=\"wordcamp-post-list__post wordcamp-clearfix\">\n<div class=\"wordcamp-speaker wordcamp-speakers__post slug-paola-tursi\">\n\t<h3 class=\"wordcamp-block__item-title wordcamp-speakers__title\"><a href=\"https:\/\/italia.wordcamp.org\/2020\/speaker\/paola-tursi\/\">Paola Tursi<\/a><\/h3>\n\t\t\t<div class=\"wordcamp-image__avatar-container align-none\">\n\t\t\t<a href=\"https:\/\/italia.wordcamp.org\/2020\/speaker\/paola-tursi\/\" class=\"wordcamp-image__avatar-link\">\n\t\t\t\t<img decoding=\"async\" src=\"https:\/\/secure.gravatar.com\/avatar\/bd9e1b3e6661ec5ddf5a39fe185b0a7a52d46613566c39db6ebb4cd5f898d7ab?s=150&amp;d=mm&amp;r=g\" alt=\"Avatar di Paola Tursi\" \/>\t\t\t<\/a>\n\t\t<\/div>\n\t\n\t\t\t<div class=\"wordcamp-block__item-content wordcamp-speakers__content is-full\"><p>Sono una consulente di organizzazione personale. Con il mio gruppo Organizzatessen aiutiamo le persone \u2013 con percorsi individuali o di gruppo- a migliorare la loro organizzazione quotidiana al lavoro e nella vita privata per ritrovare l\u2019equilibrio, lavorare meglio (magari anche meno!) e vivere giornate ricche e appaganti. Credo nell\u2019organizzazione come strumento per liberare la creativit\u00e0 e realizzare i progetti.\u2028<\/p>\n<p>Sono spesso in viaggio (pandemie permettendo) con un bagaglio a mano sempre pi\u00f9 leggero. Tra gli indispensabili in valigia: Kindle pieno di libri e il mio inseparabile computer con cui lavorare in ogni angolo del mondo!<\/p>\n<\/div>\t\n\t<\/div>\n\n<\/li><li class=\"wordcamp-post-list__post wordcamp-clearfix\">\n<div class=\"wordcamp-speaker wordcamp-speakers__post slug-pascal-claro\">\n\t<h3 class=\"wordcamp-block__item-title wordcamp-speakers__title\"><a href=\"https:\/\/italia.wordcamp.org\/2020\/speaker\/pascal-claro\/\">Pascal Claro<\/a><\/h3>\n\t\t\t<div class=\"wordcamp-image__avatar-container align-none\">\n\t\t\t<a href=\"https:\/\/italia.wordcamp.org\/2020\/speaker\/pascal-claro\/\" class=\"wordcamp-image__avatar-link\">\n\t\t\t\t<img decoding=\"async\" src=\"https:\/\/secure.gravatar.com\/avatar\/30150a835cf5d4d3b1dc37bccb75539e093d4014384579c9cf89aa3855473f39?s=150&amp;d=mm&amp;r=g\" alt=\"Avatar di Pascal Claro\" \/>\t\t\t<\/a>\n\t\t<\/div>\n\t\n\t\t\t<div class=\"wordcamp-block__item-content wordcamp-speakers__content is-full\"><p>Ho iniziato a usare WordPress nel 2014, mi ha da subito affascinato l&#8217;immediatezza e la facilit\u00e0 di utilizzo anche per chi parte da zero senza conoscere nulla di codice. Ho scoperto in seguito il mondo dei page builder approfondendo l&#8217;utilizzo di Divi, e in un secondo momento Elementor e Gutenberg. Con questi strumenti ho iniziato a realizzare siti per privati e in seguito per professionisti e aziende di grandi dimensioni. In questa fase ho avuto modo di collaborare con diversi team di grafici e web designer imparando le basi di CSS, HTML, UX\/UI e applicandole nei miei progetti lavorativi e personali. In seguito ho iniziato a realizzare tutorial per aiutare chi voleva creare siti in autonomia per la propria attivit\u00e0 o per i propri clienti e ho creato il brand &#8220;imparaqui&#8221; con sito, community Facebook e canale YouTube. Ho approfondito, negli anni a seguire, lo studio e l&#8217;applicazione sul campo di diverse strategie di affiliate marketing e web marketing iniziando a vendere online i miei video corsi e offrendo consulenze e formazione personalizzata. Attualmente il sito imparaqui conta centinaia di iscritti ai corsi online e migliaia di iscritti alla community e al canale YouTube, mi da moltissima soddisfazione vedere come cresce la community e come crescono i progetti dei miei clienti e &#8220;follower&#8221;. Dal 2020 imparaqui ospita corsi online di diverse discipline oltre a WordPress e al web marketing: con un singolo abbonamento si pu\u00f2 accedere a decine di corsi online in diverse categorie e lasciarsi stimolare da videocorsi pratici, realizzati con cura da insegnanti scelti da me e dal mio team di collaboratori. WordPress \u00e8 da sempre stato alla radice di una grande parte della mia vita lavorativa: mi ha permesso di &#8220;conquistare&#8221; l&#8217;indipendenza economica e di fare crescere il mio progetto imprenditoriale con moltissima libert\u00e0 e creativit\u00e0. #WordPressLover<\/p>\n<\/div>\t\n\t<\/div>\n\n<\/li><li class=\"wordcamp-post-list__post wordcamp-clearfix\">\n<div class=\"wordcamp-speaker wordcamp-speakers__post slug-rodolfo-melogli\">\n\t<h3 class=\"wordcamp-block__item-title wordcamp-speakers__title\"><a href=\"https:\/\/italia.wordcamp.org\/2020\/speaker\/rodolfo-melogli\/\">Rodolfo Melogli<\/a><\/h3>\n\t\t\t<div class=\"wordcamp-image__avatar-container align-none\">\n\t\t\t<a href=\"https:\/\/italia.wordcamp.org\/2020\/speaker\/rodolfo-melogli\/\" class=\"wordcamp-image__avatar-link\">\n\t\t\t\t<img decoding=\"async\" src=\"https:\/\/secure.gravatar.com\/avatar\/cbbf0cc222041021a6065a8056a01352184a1200ea9f63daa130c95939e997ef?s=150&amp;d=mm&amp;r=g\" alt=\"Avatar di Rodolfo Melogli\" \/>\t\t\t<\/a>\n\t\t<\/div>\n\t\n\t\t\t<div class=\"wordcamp-block__item-content wordcamp-speakers__content is-full\"><p>Fondatore e manager di BusinessBloomer.com, Rodolfo \u00e8 un esperto di WooCommerce e\u2026 of course, un veterano del freelancing!<\/p>\n<p>Dal 2011 lavora in proprio e nonostante un inizio piuttosto problematico ha finalmente trovato la quadratura del cerchio.<\/p>\n<p>Quando non sogna in PHP o fa colazione col CSS, Rodolfo ama praticare sport, viaggiare e godersi la vita da introverso<\/p>\n<\/div>\t\n\t<\/div>\n\n<\/li><li class=\"wordcamp-post-list__post wordcamp-clearfix\">\n<div class=\"wordcamp-speaker wordcamp-speakers__post slug-sara-presenti\">\n\t<h3 class=\"wordcamp-block__item-title wordcamp-speakers__title\"><a href=\"https:\/\/italia.wordcamp.org\/2020\/speaker\/sara-presenti\/\">Sara Presenti<\/a><\/h3>\n\t\t\t<div class=\"wordcamp-image__avatar-container align-none\">\n\t\t\t<a href=\"https:\/\/italia.wordcamp.org\/2020\/speaker\/sara-presenti\/\" class=\"wordcamp-image__avatar-link\">\n\t\t\t\t<img decoding=\"async\" src=\"https:\/\/secure.gravatar.com\/avatar\/ad89274b79e96335b92a7e7b376105498e8edf8451f9d664a1aaae8d0a101f37?s=150&amp;d=mm&amp;r=g\" alt=\"Avatar di Sara Presenti\" \/>\t\t\t<\/a>\n\t\t<\/div>\n\t\n\t\t\t<div class=\"wordcamp-block__item-content wordcamp-speakers__content is-full\"><p>Sara \u00e8 una UI\/Visual designer con 15 anni di esperienza. Ha cominciato lavorando come designer freelancer e collaborando con diverse web agency &#8211; in Italia e all&#8217;estero &#8211; per poi lavorare spalla a spalla con il compagno Nando Pappalardo in progetti che li hanno resi famosi a livello internazionale. Ora si occupa di UX\/UI nella impresa YITH e offre consulenze di UI design a chi desidera una interfaccia che sia &#8220;bella da vedere e facile da usare&#8221;.<\/p>\n<\/div>\t\n\t<\/div>\n\n<\/li><li class=\"wordcamp-post-list__post wordcamp-clearfix\">\n<div class=\"wordcamp-speaker wordcamp-speakers__post slug-stefania-massenza\">\n\t<h3 class=\"wordcamp-block__item-title wordcamp-speakers__title\"><a href=\"https:\/\/italia.wordcamp.org\/2020\/speaker\/stefania-massenza\/\">Stefania Massenza<\/a><\/h3>\n\t\t\t<div class=\"wordcamp-image__avatar-container align-none\">\n\t\t\t<a href=\"https:\/\/italia.wordcamp.org\/2020\/speaker\/stefania-massenza\/\" class=\"wordcamp-image__avatar-link\">\n\t\t\t\t<img decoding=\"async\" src=\"https:\/\/secure.gravatar.com\/avatar\/bd9b5d1d72d5ff8bf7c0bf0f61b4c20a90f1d51d32409b36a7528e8ce75f7341?s=150&amp;d=mm&amp;r=g\" alt=\"Avatar di Stefania Massenza\" \/>\t\t\t<\/a>\n\t\t<\/div>\n\t\n\t\t\t<div class=\"wordcamp-block__item-content wordcamp-speakers__content is-full\"><ul class=\"wp-block-list\">\n<li>lavoro dal 2005 con il web, l&#8217;ecommerce\u00a0e i portali di customer self-service<\/li>\n<li>progetto siti web orientati al business e percorsi di marketing digitale per PMI<\/li>\n<li>sono insegnante volontaria di WordPress per l\u2019associazione no-profit Informatica Solidale<\/li>\n<li>amante del verde e dei gatti<\/li>\n<li>occasionale cantante soul e rock<\/li>\n<\/ul>\n<\/div>\t\n\t<\/div>\n\n<\/li><li class=\"wordcamp-post-list__post wordcamp-clearfix\">\n<div class=\"wordcamp-speaker wordcamp-speakers__post slug-stefano-minoia\">\n\t<h3 class=\"wordcamp-block__item-title wordcamp-speakers__title\"><a href=\"https:\/\/italia.wordcamp.org\/2020\/speaker\/stefano-minoia\/\">Stefano Minoia<\/a><\/h3>\n\t\t\t<div class=\"wordcamp-image__avatar-container align-none\">\n\t\t\t<a href=\"https:\/\/italia.wordcamp.org\/2020\/speaker\/stefano-minoia\/\" class=\"wordcamp-image__avatar-link\">\n\t\t\t\t<img decoding=\"async\" src=\"https:\/\/secure.gravatar.com\/avatar\/579dd4ec4c6ae3ec190b42bf2a41a6c061a979cc77022cdbe0c925467241b507?s=150&amp;d=mm&amp;r=g\" alt=\"Avatar di Stefano Minoia\" \/>\t\t\t<\/a>\n\t\t<\/div>\n\t\n\t\t\t<div class=\"wordcamp-block__item-content wordcamp-speakers__content is-full\"><p>Stefano si occupa a 360\u00b0 di aiutare piccole imprese locali a rendersi visibili sul web. Si occupa principalmente di sviluppo front-end, ma si interessa di tutti gli aspetti della realizzazione dei siti, in particolare di accessibilit\u00e0.<br \/>Frequenta la Community di WordPress da quasi tre anni ed \u00e8 sempre pi\u00f9 convinto che sia stata una delle scelte migliori della sua vita.<br \/>Nel tempo libero, oltre a parlare di WordPress ai suoi amici (cosa che lo rende molto poco popolare), canta in un coro e balla boogie-woogie e liscio.<\/p>\n<\/div>\t\n\t<\/div>\n\n<\/li><li class=\"wordcamp-post-list__post wordcamp-clearfix\">\n<div class=\"wordcamp-speaker wordcamp-speakers__post slug-valentina-di-michele\">\n\t<h3 class=\"wordcamp-block__item-title wordcamp-speakers__title\"><a href=\"https:\/\/italia.wordcamp.org\/2020\/speaker\/valentina-di-michele\/\">Valentina Di Michele<\/a><\/h3>\n\t\t\t<div class=\"wordcamp-image__avatar-container align-none\">\n\t\t\t<a href=\"https:\/\/italia.wordcamp.org\/2020\/speaker\/valentina-di-michele\/\" class=\"wordcamp-image__avatar-link\">\n\t\t\t\t<img decoding=\"async\" src=\"https:\/\/secure.gravatar.com\/avatar\/db3919552ef4d283efdd58ed87fc727d8736ec88a78f15f33caba7447eb4157c?s=150&amp;d=mm&amp;r=g\" alt=\"Avatar di Valentina Di Michele\" \/>\t\t\t<\/a>\n\t\t<\/div>\n\t\n\t\t\t<div class=\"wordcamp-block__item-content wordcamp-speakers__content is-full\"><p>Consulente e docente di Content strategy, esperta di UX Writing e microtesti, e aiuta enti e aziende a progettare contenuti semplici, utili e vantaggiosi per tutti dai tempi della lira.<br \/>Autrice di Emotion driven design (Apogeo, 2020) scritto insieme a Andrea Fiacchi, con il quale ha fondato nel 2018 Officina Microtesti, unico studio italiano dedicato a UX Writing e service design comportamentale.<br \/>Ha fondato e amministra la maggiore community italiana di settore, Microcopy &amp;amp; UX Writing Italia.<\/p>\n<\/div>\t\n\t<\/div>\n\n<\/li><\/ul>","protected":false},"excerpt":{"rendered":"","protected":false},"author":14513255,"featured_media":0,"parent":0,"menu_order":0,"comment_status":"closed","ping_status":"closed","template":"","meta":{"jetpack_post_was_ever_published":false,"footnotes":""},"class_list":["post-8","page","type-page","status-publish","hentry"],"jetpack_shortlink":"https:\/\/wp.me\/Pcc6Kl-8","jetpack_sharing_enabled":true,"_links":{"self":[{"href":"https:\/\/italia.wordcamp.org\/2020\/wp-json\/wp\/v2\/pages\/8","targetHints":{"allow":["GET"]}}],"collection":[{"href":"https:\/\/italia.wordcamp.org\/2020\/wp-json\/wp\/v2\/pages"}],"about":[{"href":"https:\/\/italia.wordcamp.org\/2020\/wp-json\/wp\/v2\/types\/page"}],"author":[{"embeddable":true,"href":"https:\/\/italia.wordcamp.org\/2020\/wp-json\/wp\/v2\/users\/14513255"}],"replies":[{"embeddable":true,"href":"https:\/\/italia.wordcamp.org\/2020\/wp-json\/wp\/v2\/comments?post=8"}],"version-history":[{"count":3,"href":"https:\/\/italia.wordcamp.org\/2020\/wp-json\/wp\/v2\/pages\/8\/revisions"}],"predecessor-version":[{"id":1895,"href":"https:\/\/italia.wordcamp.org\/2020\/wp-json\/wp\/v2\/pages\/8\/revisions\/1895"}],"wp:attachment":[{"href":"https:\/\/italia.wordcamp.org\/2020\/wp-json\/wp\/v2\/media?parent=8"}],"curies":[{"name":"wp","href":"https:\/\/api.w.org\/{rel}","templated":true}]}}