{"id":21,"date":"2020-07-14T13:38:30","date_gmt":"2020-07-14T13:38:30","guid":{"rendered":"https:\/\/2020.italia.wordcamp.org\/code-of-conduct\/"},"modified":"2020-09-22T11:00:18","modified_gmt":"2020-09-22T09:00:18","slug":"code-of-conduct","status":"publish","type":"page","link":"https:\/\/italia.wordcamp.org\/2020\/code-of-conduct\/","title":{"rendered":"Codice di Condotta"},"content":{"rendered":"\n<p><em>Italian text is followed by&nbsp;<a href=\"https:\/\/2020.italia.wordcamp.org\/code-of-conduct\/#en\">English<\/a><\/em><\/p>\n\n\n\n<h3 class=\"wp-block-heading\" id=\"block-d72c8fa1-607e-44d1-9f6c-a7b0cb6238ac\">1. Scopo<\/h3>\n\n\n\n<p>WordCamp Italia ritiene che la nostra community debba essere veramente aperta a tutti. Pertanto ci impegniamo a fornire un ambiente amichevole, sicuro e accogliente per tutti, indipendentemente da sesso, orientamento sessuale, disabilit\u00e0, etnia, religione, et\u00e0, casta, classe sociale, sistema operativo preferito, linguaggio di programmazione, editor di testo o tutte le altre caratteristiche identificative.<\/p>\n\n\n\n<p id=\"block-6d288fe5-3811-40c1-8657-672f59593fdd\">Questo codice di condotta delinea le nostre linee guida per il comportamento dei partecipanti e le conseguenze per un comportamento inaccettabile.<\/p>\n\n\n\n<p id=\"block-b9b9999c-1eb3-4836-a3fd-91689df92dc8\">Invitiamo tutti gli sponsor, i volontari, i relatori, i partecipanti e gli altri partecipanti ad aiutarci a realizzare un&#8217;esperienza di conferenza sicura e positiva per tutti.<\/p>\n\n\n\n<h3 class=\"wp-block-heading\" id=\"block-fca7dc31-d5d5-434b-a7d5-d81ec0a104dd\">2. Comunit\u00e0 Open Source<\/h3>\n\n\n\n<p id=\"block-fb022ff6-8e37-48cd-9c56-d23a961ac085\">Un obiettivo supplementare di questo codice di condotta \u00e8 quello di allargare la comunit\u00e0 open source incoraggiando i partecipanti a riconoscere e rafforzare le relazioni tra ci\u00f2 che facciamo e la comunit\u00e0 in generale.<\/p>\n\n\n\n<p id=\"block-1d4d01cc-29df-4020-83a0-d58ceb8f1aa5\">Per questo obiettivo, gli organizzatori di WordCamp Italia raccoglieranno le candidature dei partecipanti esemplari per tutta la durata dell&#8217;evento e presenteranno i partecipanti selezionati dopo la conferenza sul sito.<\/p>\n\n\n\n<p id=\"block-efa3a6cb-bd6f-4524-93a1-770695289f29\">Se vedete qualcuno che sta facendo uno sforzo in pi\u00f9 per assicurare che la nostra comunit\u00e0 sia accogliente, amichevole e incoraggi tutti i partecipanti a contribuire al massimo, vogliamo saperlo. Potete nominare qualcuno via email all&#8217;indirizzo <a href=\"mailto:italia@wordcamp.org\" target=\"_blank\" rel=\"noreferrer noopener\">italia@wordcamp.org<\/a><\/p>\n\n\n\n<h3 class=\"wp-block-heading\" id=\"block-076cc253-c486-4708-9fcc-6fa8f01247bb\">3. Comportamento richiesto<\/h3>\n\n\n\n<ul class=\"wp-block-list\" id=\"block-ed76c021-347b-4f69-86d1-8153af5ad215\"><li>Siate premurosi, rispettosi e collaborativi.<\/li><li>Astenersi da comportamenti e discorsi umilianti, discriminatori o molesti.<\/li><li>Siate consapevoli dei vostri colleghi partecipanti. Avvisate gli organizzatori della conferenza se notate una situazione di pericolo o qualcuno in difficolt\u00e0.<\/li><li>Partecipate in modo autentico e attivo. Cos\u00ec facendo, contribuirete a creare WordCamp Italia e a farla vostra.<\/li><\/ul>\n\n\n\n<h3 class=\"wp-block-heading\" id=\"block-6af4e1f2-9531-4a5d-a977-ad4a7e4b6fd8\">4. Comportamenti non ammessi<\/h3>\n\n\n\n<p id=\"block-91c321e2-11ce-4f0d-b4f1-d621bbe9304e\">I comportamenti inaccettabili includono: comportamenti intimidatori, molesti, abusivi, discriminatori, sprezzanti o degradanti da parte di qualsiasi partecipante al WordCamp Italia ed eventi correlati. Tutte le piattaforme di WordCamp Italia possono essere condivise con il pubblico; si prega di rispettare tutti gli utenti di questi strumenti.<\/p>\n\n\n\n<p>La molestia include: commenti verbali offensivi relativi a genere, orientamento sessuale, razza, religione, disabilit\u00e0; uso inappropriato di nudit\u00e0 e\/o immagini e link sessuali in spazi pubblici (incluse diapositive di presentazione e chat di testo di eventi virtuali); intimidazione deliberata, stalking o simili; fotografia o registrazione molesta; interruzione prolungata dei colloqui o di altri eventi; contatto inappropriato e attenzione sessuale indesiderata.<\/p>\n\n\n\n<h3 class=\"wp-block-heading\" id=\"block-30311274-d5a2-428c-a328-788bdcebd14a\">5. Conseguenze di un comportameno scorretto<\/h3>\n\n\n\n<p>Comportamenti inaccettabili non saranno tollerati da altri partecipanti, organizzatori, sponsor o altri responsabili delle piattaforme di WordCamp Italia.<\/p>\n\n\n\n<p>Qualsiasi richiesta di porre fine ad un comportamento inaccettabile deve essere presa in carico immediatamente.<\/p>\n\n\n\n<p id=\"block-909c804b-040c-4b76-a151-e91aee65e821\">Se un partecipante mette in atto un comportamento non consentito, gli organizzatori prenderanno provvedimenti approppriati, inclusa la possibilit\u00e0 di espulsione dall&#8217;evento senza avvisi o rimborsi.<\/p>\n\n\n\n<h3 class=\"wp-block-heading\" id=\"block-01cf0c8f-37c6-4338-b5d6-dc8f7606eef0\">6. Cosa fare se si \u00e8 testimoni o si \u00e8 oggetto di comportamenti inaccettabili<\/h3>\n\n\n\n<p id=\"block-47bc59eb-b3c4-444a-997e-991c76fb2e6d\">Se siete oggetto di comportamenti inaccettabili, notate comportamenti non corretti verso altri partecipanti o avete altre preoccupazioni, si prega di informare un organizzatore il pi\u00f9 presto possibile.<\/p>\n\n\n\n<p>Il team di WordCamp Italia sar\u00e0 a disposizione per aiutare i partecipanti a contattare i moderatori della piattaforma, o per aiutare tutti i partecipanti a sentirsi al sicuro per tutta la durata della conferenza. Lo screen name del volontario inizia con &#8220;[V]&#8221;. Potete inviare un messaggio privato a loro, e vi collegheranno con un organizzatore della conferenza che ha il controllo del software di videoconferenza.<\/p>\n\n\n\n<h3 class=\"wp-block-heading\" id=\"block-594eb4e9-f052-4d54-8d4d-c416ecbd4ec8\">7. Obiettivo<\/h3>\n\n\n\n<p id=\"block-dc41b5af-ab6a-4dc3-afb4-083b734ca4ef\">Ci aspettiamo che tutti i partecipanti alla conferenza (sponsor, volontari, relatori, partecipanti e altri ospiti) si attengano a questo codice di condotta in tutte le piattaforme della conferenza e in tutti gli eventi sociali connessi alla conferenza.<\/p>\n\n\n\n<h3 class=\"wp-block-heading\" id=\"block-9d0bdff0-80fe-4298-a720-de7801f168ff\">8. Informazioni di contatto<\/h3>\n\n\n\n<p id=\"block-61fce2dc-2fce-4639-972c-333e6b848ed2\">Per qualsiasi informazione potete contattarci inviando una email a <a href=\"mailto:italia@wordcamp.org\" target=\"_blank\" rel=\"noreferrer noopener\">italia@wordcamp.org<\/a><\/p>\n\n\n\n<h3 class=\"wp-block-heading\" id=\"block-8b3d32bb-15a8-4048-83cd-7790e8b7d346\">9. Licenza e Attribuzione<\/h3>\n\n\n\n<p id=\"block-b137d571-dbab-4219-ac76-f30f8ad214ce\">Questo codice di condotta \u00e8 stato generato partendo dal fantastico lavoro di Open Source Bridge, modificato con le informazioni specifiche di questo evento. L&#8217;originale \u00e8 disponibile al link <a href=\"http:\/\/opensourcebridge.org\/about\/code-of-conduct\/\">http:\/\/opensourcebridge.org\/about\/code-of-conduct\/<\/a> ed \u00e8 stato rilasciato con licenza <a href=\"http:\/\/creativecommons.org\/licenses\/by-sa\/3.0\/\">Creative Commons Attribution-ShareAlike<\/a> .<\/p>\n\n\n\n<hr class=\"wp-block-separator\" id=\"block-d72c8fa1-607e-44d1-9f6c-a7b0cb6238ac\" \/>\n\n\n\n<h2 class=\"coc_title wp-block-heading\" id=\"en\">ENGLISH VERSION<\/h2>\n\n\n\n<h3 class=\"wp-block-heading\">1. Purpose<\/h3>\n\n\n\n<p><span class=\"has-inline-color has-primary-color\">WordCamp Italia<\/span> believes our community should be truly open for everyone. As such, we are committed to providing a friendly, safe and welcoming environment for all, regardless of gender, sexual orientation, disability, ethnicity, religion, age, caste, social class, preferred operating system, programming language, or text editor, among other identifying characteristics.<\/p>\n\n\n\n<p>This code of conduct outlines our expectations for participant behavior as well as the consequences for unacceptable behavior.<\/p>\n\n\n\n<p>We invite all sponsors, volunteers, speakers, attendees, and other participants to help us realize a safe and positive conference experience for everyone.<\/p>\n\n\n\n<h3 class=\"wp-block-heading\">2. Open Source Citizenship<\/h3>\n\n\n\n<p>A supplemental goal of this code of conduct is to increase open source citizenship by encouraging participants to recognize and strengthen the relationships between what we do and the community at large.<\/p>\n\n\n\n<p>In service of this goal, <span class=\"has-inline-color has-primary-color\">WordCamp Italia<\/span> organizers will be taking nominations for exemplary citizens throughout the event and will recognize select participants after the conference on the website.<\/p>\n\n\n\n<p>If you see someone who is making an extra effort to ensure our community is welcoming, friendly, and encourages all participants to contribute to the fullest extent, we want to know. <span class=\"has-inline-color has-primary-color\">You can nominate someone by spending an email at <a href=\"mailto:italia@wordcamp.org\" target=\"_blank\" rel=\"noreferrer noopener\">italia@wordcamp.org<\/a><\/span><\/p>\n\n\n\n<h3 class=\"wp-block-heading\">3. Expected Behavior<\/h3>\n\n\n\n<ul class=\"wp-block-list\"><li>Be considerate, respectful, and collaborative.<\/li><li>Refrain from demeaning, discriminatory or harassing behavior and speech.<\/li><li>Be mindful of your fellow participants. Alert conference organizers if you notice a dangerous situation or someone in distress.<\/li><li>Participate in an authentic and active way. In doing so, you help to create WordCamp Italia and make it your own.<\/li><\/ul>\n\n\n\n<h3 class=\"wp-block-heading\">4. Unacceptable Behavior<\/h3>\n\n\n\n<p>Unacceptable behaviors include: intimidating, harassing, abusive, discriminatory, derogatory or demeaning conduct by any attendees of WordCamp Italia and related events. All WordCamp Italia platforms may be shared with members of the public; please be respectful to all patrons of these tools.<\/p>\n\n\n\n<p>Harassment includes: offensive verbal comments related to gender, sexual orientation, race, religion, disability; inappropriate use of nudity and\/or sexual images and links in public spaces (including presentation slides and virtual event text chat); deliberate intimidation, stalking or following; harassing photography or recording; sustained disruption of talks or other events; inappropriate contact, and unwelcome sexual attention.<\/p>\n\n\n\n<h3 class=\"wp-block-heading\">5. Consequences Of Unacceptable Behavior<\/h3>\n\n\n\n<p>Unacceptable behavior will not be tolerated whether by other attendees, organizers, sponsors, or other patrons of <span class=\"has-inline-color has-primary-color\">WordCamp Italia<\/span> platforms.<\/p>\n\n\n\n<p>Anyone asked to stop unacceptable behavior is expected to comply immediately.<\/p>\n\n\n\n<p>If a participant engages in unacceptable behavior, the conference organizers may take any action they deem appropriate, up to and including expulsion from the conference without warning or refund.<\/p>\n\n\n\n<h3 class=\"wp-block-heading\">6. What To Do If You Witness Or Are Subject To Unacceptable Behavior<\/h3>\n\n\n\n<p>If you are subject to unacceptable behavior, notice that someone else is being subject to unacceptable behavior, or have any other concerns, please notify a conference organizer as soon as possible.<\/p>\n\n\n\n<p>The <span class=\"has-inline-color has-primary-color\">WordCamp Italia<\/span> team will be available to help participants contact the platform moderators, or to otherwise assist those experiencing unacceptable behavior to feel safe for the duration of the conference. <span class=\"has-inline-color has-primary-color\">Volunteer\u2019s screen name starts with \u201c[V]\u201d. <\/span>You can send a private message to them, and they will connect you with a conference organizer who has the control of the video conferencing software.<\/p>\n\n\n\n<h3 class=\"wp-block-heading\">7. Scope<\/h3>\n\n\n\n<p>We expect all conference participants (sponsors, volunteers, speakers, attendees, and other guests) to abide by this code of conduct at all conference platforms and conference-related social events.<\/p>\n\n\n\n<h3 class=\"wp-block-heading\">8. Contact Information<\/h3>\n\n\n\n<p><span class=\"has-inline-color has-primary-color\">For any information you can contact us by sending an email at <\/span><span style=\"color: red;text-decoration: underline\"><span class=\"has-inline-color has-primary-color\"><a href=\"mailto:italia@wordcamp.org\" target=\"_blank\" rel=\"noreferrer noopener\">italia@wordcamp.org<\/a><\/span><\/span><\/p>\n\n\n\n<h3 class=\"wp-block-heading\">9. License And Attribution<\/h3>\n\n\n\n<p>This Code of Conduct is a direct swipe from the awesome work of Open Source Bridge, but with our event information substituted. The original is available at <a href=\"http:\/\/opensourcebridge.org\/about\/code-of-conduct\/\">http:\/\/opensourcebridge.org\/about\/code-of-conduct\/<\/a> and is released under a <a href=\"http:\/\/creativecommons.org\/licenses\/by-sa\/3.0\/\">Creative Commons Attribution-ShareAlike<\/a> license.<\/p>\n","protected":false},"excerpt":{"rendered":"<p>Italian text is followed by&nbsp;English 1. Scopo WordCamp Italia ritiene che la nostra community debba essere veramente aperta a tutti. Pertanto ci impegniamo a fornire un ambiente amichevole, sicuro e accogliente per tutti, indipendentemente da sesso, orientamento sessuale, disabilit\u00e0, etnia, religione, et\u00e0, casta, classe sociale, sistema operativo preferito, linguaggio di programmazione, editor di testo o [&hellip;]<\/p>\n","protected":false},"author":14513255,"featured_media":0,"parent":0,"menu_order":0,"comment_status":"closed","ping_status":"closed","template":"","meta":{"jetpack_post_was_ever_published":false,"footnotes":""},"class_list":["post-21","page","type-page","status-publish","hentry"],"jetpack_shortlink":"https:\/\/wp.me\/Pcc6Kl-l","jetpack_sharing_enabled":true,"_links":{"self":[{"href":"https:\/\/italia.wordcamp.org\/2020\/wp-json\/wp\/v2\/pages\/21","targetHints":{"allow":["GET"]}}],"collection":[{"href":"https:\/\/italia.wordcamp.org\/2020\/wp-json\/wp\/v2\/pages"}],"about":[{"href":"https:\/\/italia.wordcamp.org\/2020\/wp-json\/wp\/v2\/types\/page"}],"author":[{"embeddable":true,"href":"https:\/\/italia.wordcamp.org\/2020\/wp-json\/wp\/v2\/users\/14513255"}],"replies":[{"embeddable":true,"href":"https:\/\/italia.wordcamp.org\/2020\/wp-json\/wp\/v2\/comments?post=21"}],"version-history":[{"count":34,"href":"https:\/\/italia.wordcamp.org\/2020\/wp-json\/wp\/v2\/pages\/21\/revisions"}],"predecessor-version":[{"id":1018,"href":"https:\/\/italia.wordcamp.org\/2020\/wp-json\/wp\/v2\/pages\/21\/revisions\/1018"}],"wp:attachment":[{"href":"https:\/\/italia.wordcamp.org\/2020\/wp-json\/wp\/v2\/media?parent=21"}],"curies":[{"name":"wp","href":"https:\/\/api.w.org\/{rel}","templated":true}]}}