{"id":1618,"date":"2020-10-06T11:48:50","date_gmt":"2020-10-06T09:48:50","guid":{"rendered":"https:\/\/2020.italia.wordcamp.org\/?page_id=1618"},"modified":"2020-10-16T20:55:09","modified_gmt":"2020-10-16T18:55:09","slug":"home","status":"publish","type":"page","link":"https:\/\/italia.wordcamp.org\/2020\/","title":{"rendered":"Home"},"content":{"rendered":"\n<div class=\"wp-block-group alignwide home_header_group\"><div class=\"wp-block-group__inner-container is-layout-flow wp-block-group-is-layout-flow\">\n<h2 class=\"has-text-align-center h2_home has-text-color wp-block-heading\" style=\"color:#410206\">Il primo <span style=\"color:#3183c5\" class=\"has-inline-color\">WordCamp Italia<\/span>:<br>online il 16 e 17 ottobre<\/h2>\n\n\n\n<hr class=\"wp-block-separator separatore_header_home\" \/>\n\n\n\n<div class=\"wp-block-columns alignfull is-layout-flex wp-container-core-columns-is-layout-9d6595d7 wp-block-columns-is-layout-flex\">\n<div class=\"wp-block-column is-layout-flow wp-block-column-is-layout-flow\">\n<div class=\"wp-block-image bg-cd\"><figure class=\"aligncenter size-large\"><a href=\"https:\/\/2020.italia.wordcamp.org\/traccia1\/\"><img data-recalc-dims=\"1\" loading=\"lazy\" decoding=\"async\" width=\"300\" height=\"300\" src=\"https:\/\/i0.wp.com\/2020.italia.wordcamp.org\/files\/2020\/10\/button-traccia-1.png?resize=300%2C300&#038;ssl=1\" alt=\"\" class=\"wp-image-2658\" srcset=\"https:\/\/i0.wp.com\/italia.wordcamp.org\/2020\/files\/2020\/10\/button-traccia-1.png?w=300&amp;ssl=1 300w, https:\/\/i0.wp.com\/italia.wordcamp.org\/2020\/files\/2020\/10\/button-traccia-1.png?resize=150%2C150&amp;ssl=1 150w\" sizes=\"auto, (max-width: 300px) 100vw, 300px\" \/><\/a><\/figure><\/div>\n<\/div>\n\n\n\n<div class=\"wp-block-column is-layout-flow wp-block-column-is-layout-flow\">\n<div class=\"wp-block-image bg-ticket\"><figure class=\"aligncenter size-large\"><a href=\"https:\/\/2020.italia.wordcamp.org\/traccia2\/\"><img data-recalc-dims=\"1\" loading=\"lazy\" decoding=\"async\" width=\"300\" height=\"300\" src=\"https:\/\/i0.wp.com\/2020.italia.wordcamp.org\/files\/2020\/10\/button-traccia-2.png?resize=300%2C300&#038;ssl=1\" alt=\"\" class=\"wp-image-2659\" srcset=\"https:\/\/i0.wp.com\/italia.wordcamp.org\/2020\/files\/2020\/10\/button-traccia-2.png?w=300&amp;ssl=1 300w, https:\/\/i0.wp.com\/italia.wordcamp.org\/2020\/files\/2020\/10\/button-traccia-2.png?resize=150%2C150&amp;ssl=1 150w\" sizes=\"auto, (max-width: 300px) 100vw, 300px\" \/><\/a><\/figure><\/div>\n<\/div>\n\n\n\n<div class=\"wp-block-column is-layout-flow wp-block-column-is-layout-flow\">\n<div class=\"wp-block-image bg-schedule\"><figure class=\"aligncenter size-large\"><a href=\"https:\/\/2020.italia.wordcamp.org\/schedule\/\"><img data-recalc-dims=\"1\" loading=\"lazy\" decoding=\"async\" width=\"300\" height=\"300\" src=\"https:\/\/i0.wp.com\/2020.italia.wordcamp.org\/files\/2020\/10\/button-schedule.png?resize=300%2C300&#038;ssl=1\" alt=\"\" class=\"wp-image-2135\" srcset=\"https:\/\/i0.wp.com\/italia.wordcamp.org\/2020\/files\/2020\/10\/button-schedule.png?w=300&amp;ssl=1 300w, https:\/\/i0.wp.com\/italia.wordcamp.org\/2020\/files\/2020\/10\/button-schedule.png?resize=150%2C150&amp;ssl=1 150w\" sizes=\"auto, (max-width: 300px) 100vw, 300px\" \/><\/a><\/figure><\/div>\n<\/div>\n\n\n\n<div class=\"wp-block-column is-layout-flow wp-block-column-is-layout-flow\">\n<div class=\"wp-block-image bg-blog\"><figure class=\"aligncenter size-large\"><a href=\"https:\/\/2020.italia.wordcamp.org\/networking-area\/\"><img data-recalc-dims=\"1\" loading=\"lazy\" decoding=\"async\" width=\"300\" height=\"300\" src=\"https:\/\/i0.wp.com\/2020.italia.wordcamp.org\/files\/2020\/10\/button-networking-area.png?resize=300%2C300&#038;ssl=1\" alt=\"\" class=\"wp-image-2657\" srcset=\"https:\/\/i0.wp.com\/italia.wordcamp.org\/2020\/files\/2020\/10\/button-networking-area.png?w=300&amp;ssl=1 300w, https:\/\/i0.wp.com\/italia.wordcamp.org\/2020\/files\/2020\/10\/button-networking-area.png?resize=150%2C150&amp;ssl=1 150w\" sizes=\"auto, (max-width: 300px) 100vw, 300px\" \/><\/a><\/figure><\/div>\n\n\n\n<p><\/p>\n<\/div>\n<\/div>\n<\/div><\/div>\n\n\n\n<h2 class=\"has-text-align-center wp-block-heading\">Ultime dal Blog<\/h2>\n\n\n<ul class=\"wp-block-latest-posts__list wp-block-latest-posts\"><li><a class=\"wp-block-latest-posts__post-title\" href=\"https:\/\/italia.wordcamp.org\/2020\/wordcamp-italia-un-mese-dopo\/\">WordCamp Italia: un mese dopo<\/a><div class=\"wp-block-latest-posts__post-full-content\"><!-- wp:paragraph -->\r\n<p>\u00c8 passato quasi un mese dal weekend di WordCamp Italia.<br \/>Zoom, YouTube, Facebook e Twitter sono stati la nostra &#8220;casa&#8221; in questa prima edizione online di un WordCamp.<\/p>\r\n<!-- \/wp:paragraph -->\r\n\r\n<!-- wp:paragraph -->\r\n<p>Certo, lo sappiamo tutti: di persona i WordCamp sono un&#8217;esperienza unica. Noi speriamo comunque di avervi regalato due giorni di formazione e networking altrettanto unici. <br \/>Sapevamo di avere un team fantastico: in tutto eravamo 18 organizer sparsi per il bel Paese che hanno dedicato tempo ed energie alla riuscita dell&#8217;evento.<br \/>Ma non siamo stati soli. Abbiamo condiviso quest&#8217;avventura con:<\/p>\r\n<!-- \/wp:paragraph -->\r\n\r\n<!-- wp:list -->\r\n<ul>\r\n<li>10 <a href=\"https:\/\/italia.wordcamp.org\/2020\/sponsors\/\">sponsor<\/a> Platinum<\/li>\r\n<li>4 <a href=\"https:\/\/italia.wordcamp.org\/2020\/sponsors\/\">sponsor<\/a> Gold<\/li>\r\n<li>9 <a href=\"https:\/\/italia.wordcamp.org\/2020\/sponsors\/\">sponsor<\/a> Supporter<\/li>\r\n<li>14 eccezionali <a href=\"https:\/\/italia.wordcamp.org\/2020\/speakers\/\">Speaker<\/a>!<\/li>\r\n<li>&#8230;.e il nostro <a href=\"https:\/\/italia.wordcamp.org\/2020\/benvenuto-spaghettu\/\">Spaghettuu<\/a>!!<\/li>\r\n<\/ul>\r\n<!-- \/wp:list -->\r\n\r\n<!-- wp:paragraph -->\r\n<p>Insieme abbiamo cercato di offrirvi uno <em>spettacolo<\/em> che valesse il <em>prezzo del biglietto<\/em>. Ah no, il biglietto era gratis. <br \/>Allora abbiamo cercato di offrirvi momenti di formazione che valessero pi\u00f9 di un caff\u00e8 al bar. Va meglio cos\u00ec? \ud83d\ude42 <br \/>La vostra risposta \u00e8 stata meravigliosa: abbiamo registrato punte di quasi 200 visualizzazioni, con una media di 140 persone online sempre. Grazie di cuore per essere stati con noi!<\/p>\r\n<!-- \/wp:paragraph -->\r\n\r\n<!-- wp:paragraph -->\r\n<p>Anche il Contributor Day ci ha dato ottime soddisfazioni:<\/p>\r\n<!-- \/wp:paragraph -->\r\n\r\n<!-- wp:list -->\r\n<ul>\r\n<li>abbiamo formato 8 tavoli di lavoro<em>. <\/em>E dato il benvenuto al team di HelpHub per la prima volta!<\/li>\r\n<li>17 team lead si sono seduti ai tavoli con noi<\/li>\r\n<li>abbiamo registrato 80 partecipanti alle sessioni<\/li>\r\n<\/ul>\r\n<!-- \/wp:list -->\r\n\r\n<!-- wp:paragraph -->\r\n<p>Per noi questo WordCamp \u00e8 stato davvero speciale. <br \/>Oltre ogni retorica, \u00e8 stato come ritrovarsi.<\/p>\r\n<p>WordCamp vuol dire abbracci e sorrisi. <br \/>A WordCamp Italia hanno tolto i primi, ma il sorriso della Community Italiana di WordPress ha brillato lo stesso.<br \/>Grazie a tutti per essere stati con noi! <img loading=\"lazy\" decoding=\"async\" src=\"https:\/\/static.xx.fbcdn.net\/images\/emoji.php\/v9\/ted\/2\/16\/2764.png\" alt=\"\u2764\ufe0f\" width=\"16\" height=\"16\" \/><\/p>\r\n<p>Ps. se hai perso qualche talk o vuoi rivederlo, ti ricordiamo che troverai tutti i talk nel sito <a href=\"https:\/\/wordpress.tv\/\" target=\"_blank\" rel=\"noopener noreferrer\">WordPress.tv<\/a> .<\/p>\r\n<!-- \/wp:paragraph --><\/div><\/li>\n<li><a class=\"wp-block-latest-posts__post-title\" href=\"https:\/\/italia.wordcamp.org\/2020\/wordcamp-italia-info-pratiche\/\">WordCamp Italia: ci siamo!<\/a><div class=\"wp-block-latest-posts__post-full-content\"><!-- wp:paragraph -->\n<p>Sono stati i caldi pomeriggi di luglio a fare da scenario alle prime riunioni organizzative del WordCamp Italia. Sembra ieri, eppure \u00e8 passato gi\u00e0 qualche mese. Il che vuol dire che&#8230; WordCamp Italia ormai \u00e8 alle porte!<br>Se ti stai chiedendo cosa succeder\u00e0 sabato e come farai a partecipare, qui troverai le risposte che cerchi.<\/p>\n<!-- \/wp:paragraph -->\n\n<!-- wp:paragraph -->\n<p><strong>COSA TI SERVE PER PARTECIPARE A WORDCAMP ITALIA<\/strong><\/p>\n<!-- \/wp:paragraph -->\n\n<!-- wp:paragraph -->\n<p>Tutto il tuo entusiasmo e la voglia di conoscere meglio WordPress!<br>Per il resto, ti baster\u00e0 una connessione internet e un dispositivo su cui guardare gli interventi: desktop, laptop, smartphone, tablet&#8230; scegli tu!<\/p>\n<!-- \/wp:paragraph -->\n\n<!-- wp:paragraph -->\n<p><strong>COME SEGUIRE I TALK<\/strong><\/p>\n<!-- \/wp:paragraph -->\n\n<!-- wp:paragraph -->\n<p>I talk del WordCamp Italia (hai gi\u00e0 scelto quali seguire? <a href=\"https:\/\/2020.italia.wordcamp.org\/schedule\/\">Qui trovi il programma<\/a>!) saranno trasmessi in diretta su YouTube. Puoi seguirli:<\/p>\n<!-- \/wp:paragraph -->\n\n<!-- wp:list -->\n<ul><li>sul nostro sito troverai le pagine dedicate alle due track (<a href=\"https:\/\/2020.italia.wordcamp.org\/traccia1\/\">Traccia 1<\/a>, <a href=\"https:\/\/2020.italia.wordcamp.org\/traccia2\/\">Traccia 2<\/a>). Potrai spostarti da una all&#8217;altra a tuo piacimento. <\/li><li>sul nostro canale YouTube (<a rel=\"noreferrer noopener\" href=\"https:\/\/www.youtube.com\/watch?v=g__4N-GqHCA&amp;feature=youtu.be\" target=\"_blank\">Traccia 1<\/a>, <a rel=\"noreferrer noopener\" href=\"https:\/\/youtu.be\/Cs7Mo2bcM94\" target=\"_blank\">Traccia 2<\/a>).<\/li><\/ul>\n<!-- \/wp:list -->\n\n<!-- wp:paragraph -->\n<p>Al termine di ciascun talk potrai fare le tue domande agli speaker attraverso la chat di YouTube.<\/p>\n<!-- \/wp:paragraph -->\n\n<!-- wp:paragraph -->\n<p><strong>COME VISITARE GLI STAND DEGLI SPONSOR<\/strong><\/p>\n<!-- \/wp:paragraph -->\n\n<!-- wp:paragraph -->\n<p>Durante tutta la giornata di sabato sar\u00e0 attiva un Area Network dedicata agli sponsor: potrai accedervi tramite <a href=\"https:\/\/us02web.zoom.us\/j\/84328641800\" target=\"_blank\" rel=\"noreferrer noopener\">Zoom<\/a>.<br>Troverai l\u00ec tutti gli <em>stand<\/em> dei nostri sostenitori, che saranno lieti di accoglierti, fare quattro chiacchiere e rispondere a tutte le tue domande! <\/p>\n<!-- \/wp:paragraph -->\n\n<!-- wp:paragraph -->\n<p><strong>COME SEGUIRE GLI INTERVENTI DEGLI SPONSOR<\/strong><\/p>\n<!-- \/wp:paragraph -->\n\n<!-- wp:paragraph -->\n<p>Tra un talk e l&#8217;altro sono previsti sei interventi da parte dei nostri <strong>sponsor Platinum<\/strong> (<a href=\"https:\/\/2020.italia.wordcamp.org\/schedule\/\">li trovi indicati nel programma<\/a>). <br>Per partecipare ai loro talk, raggiungi l&#8217;Area Network dedicata su Zoom a <a href=\"https:\/\/us02web.zoom.us\/j\/84328641800\" target=\"_blank\" rel=\"noreferrer noopener\">questo link.<\/a><\/p>\n<!-- \/wp:paragraph -->\n\n<!-- wp:paragraph -->\n<p>Qui siamo tutti in fermento&#8230;<br>Non vediamo l&#8217;ora di iniziare!<\/p>\n<!-- \/wp:paragraph --><\/div><\/li>\n<li><a class=\"wp-block-latest-posts__post-title\" href=\"https:\/\/italia.wordcamp.org\/2020\/grazie-ergonet\/\">Grazie Ergonet!<\/a><div class=\"wp-block-latest-posts__post-full-content\"><!-- wp:paragraph -->\n<p><em>Sponsorizzare WordCamp Italia Online \u00e8 un ottimo modo per supportare la community italiana di WordPress. Ringraziamo di <em>\ud83d\udc9c<\/em><\/em> <em>ogni sponsor di questo evento!<\/em><br>Oggi vi presentiamo <a href=\"https:\/\/2020.italia.wordcamp.org\/sponsor\/ergonet\/\">Ergonet<\/a>, Sponsor Gold di WordCamp Italia.<\/p>\n<!-- \/wp:paragraph -->\n\n<!-- wp:image {\"align\":\"center\",\"id\":2295,\"sizeSlug\":\"large\"} -->\n<div class=\"wp-block-image\"><figure class=\"aligncenter size-large\"><img data-recalc-dims=\"1\" loading=\"lazy\" decoding=\"async\" width=\"580\" height=\"580\" src=\"https:\/\/i0.wp.com\/2020.italia.wordcamp.org\/files\/2020\/10\/sponsor-social-ergonet.jpg?resize=580%2C580&#038;ssl=1\" alt=\"\" class=\"wp-image-2295\" srcset=\"https:\/\/i0.wp.com\/italia.wordcamp.org\/2020\/files\/2020\/10\/sponsor-social-ergonet.jpg?w=800&amp;ssl=1 800w, https:\/\/i0.wp.com\/italia.wordcamp.org\/2020\/files\/2020\/10\/sponsor-social-ergonet.jpg?resize=300%2C300&amp;ssl=1 300w, https:\/\/i0.wp.com\/italia.wordcamp.org\/2020\/files\/2020\/10\/sponsor-social-ergonet.jpg?resize=150%2C150&amp;ssl=1 150w, https:\/\/i0.wp.com\/italia.wordcamp.org\/2020\/files\/2020\/10\/sponsor-social-ergonet.jpg?resize=768%2C768&amp;ssl=1 768w\" sizes=\"auto, (max-width: 580px) 100vw, 580px\" \/><\/figure><\/div>\n<!-- \/wp:image -->\n\n<!-- wp:paragraph -->\n<p>Prendi un caff\u00e8, mettiti comodo, rispondi a questo quiz.<br>Se ti dico Equilibrio, Progresso e Successo&#8230; di cosa sto parlando?<\/p>\n<!-- \/wp:paragraph -->\n\n<!-- wp:paragraph -->\n<p>A. \u00c8 il mantra scelto per oggi dalla mia nuova maestra di Yoga<br>B. \u00c8 il nuovo motto del WordCamp Italia<br>C. Sono i profili hosting offerti da Ergonet<\/p>\n<!-- \/wp:paragraph -->\n\n<!-- wp:paragraph -->\n<p>Hai bisogno dell&#8217;aiuto da casa per rispondere? Eccomi qui!<br>La risposta esatta \u00e8 la C! Ogni progetto ha la sua storia e ogni professionista la sua esperienza: Ergonet ti mette a disposizione tre profili hosting per WordPress per dare valore al tuo prossimo sito web, modulabili in base alle tue necessit\u00e0.<br><br>Thank you Ergonet for your support! <\/p>\n<!-- \/wp:paragraph --><\/div><\/li>\n<\/ul>\n\n\n<hr class=\"wp-block-separator\" \/>\n\n\n\n<div class=\"wp-block-buttons aligncenter is-layout-flex wp-block-buttons-is-layout-flex\">\n<div class=\"wp-block-button\"><a class=\"wp-block-button__link\" href=\"https:\/\/2020.italia.wordcamp.org\/blog\/\">Leggi tutti gli articoli del blog<\/a><\/div>\n<\/div>\n","protected":false},"excerpt":{"rendered":"<p>Il primo WordCamp Italia:online il 16 e 17 ottobre Ultime dal Blog<\/p>\n","protected":false},"author":15311714,"featured_media":1603,"parent":0,"menu_order":0,"comment_status":"closed","ping_status":"closed","template":"","meta":{"jetpack_post_was_ever_published":false,"footnotes":""},"class_list":["post-1618","page","type-page","status-publish","has-post-thumbnail","hentry"],"jetpack_shortlink":"https:\/\/wp.me\/Pcc6Kl-q6","jetpack_sharing_enabled":true,"_links":{"self":[{"href":"https:\/\/italia.wordcamp.org\/2020\/wp-json\/wp\/v2\/pages\/1618","targetHints":{"allow":["GET"]}}],"collection":[{"href":"https:\/\/italia.wordcamp.org\/2020\/wp-json\/wp\/v2\/pages"}],"about":[{"href":"https:\/\/italia.wordcamp.org\/2020\/wp-json\/wp\/v2\/types\/page"}],"author":[{"embeddable":true,"href":"https:\/\/italia.wordcamp.org\/2020\/wp-json\/wp\/v2\/users\/15311714"}],"replies":[{"embeddable":true,"href":"https:\/\/italia.wordcamp.org\/2020\/wp-json\/wp\/v2\/comments?post=1618"}],"version-history":[{"count":28,"href":"https:\/\/italia.wordcamp.org\/2020\/wp-json\/wp\/v2\/pages\/1618\/revisions"}],"predecessor-version":[{"id":2663,"href":"https:\/\/italia.wordcamp.org\/2020\/wp-json\/wp\/v2\/pages\/1618\/revisions\/2663"}],"wp:featuredmedia":[{"embeddable":true,"href":"https:\/\/italia.wordcamp.org\/2020\/wp-json\/wp\/v2\/media\/1603"}],"wp:attachment":[{"href":"https:\/\/italia.wordcamp.org\/2020\/wp-json\/wp\/v2\/media?parent=1618"}],"curies":[{"name":"wp","href":"https:\/\/api.w.org\/{rel}","templated":true}]}}